{"id":30,"date":"2026-04-07T15:53:08","date_gmt":"2026-04-07T13:53:08","guid":{"rendered":"https:\/\/wifly.exerceetvous.fr\/?page_id=30"},"modified":"2026-05-04T17:28:50","modified_gmt":"2026-05-04T15:28:50","slug":"qui-sommes-nous-wifly-voyage-digital","status":"publish","type":"page","link":"https:\/\/wifly.exerceetvous.fr\/index.php\/qui-sommes-nous-wifly-voyage-digital\/","title":{"rendered":"Qui sommes nous ?"},"content":{"rendered":"\n<div style=\"height:38px\" aria-hidden=\"true\" class=\"wp-block-spacer\"><\/div>\n\n\n\n<h1 class=\"wp-block-heading has-text-color has-link-color wp-elements-d7684d896b038202e34cf6badb9ff91e\" style=\"color:#fbd062;font-size:60px\">Qui sommes nous ? <\/h1>\n\n\n\n<div class=\"wp-block-cover alignfull is-light\" style=\"min-height:840px;aspect-ratio:unset;\"><span aria-hidden=\"true\" class=\"wp-block-cover__background has-white-background-color has-background-dim-100 has-background-dim\"><\/span><div class=\"wp-block-cover__inner-container is-layout-constrained wp-container-core-cover-is-layout-98b8e760 wp-block-cover-is-layout-constrained\">\n<div class=\"wp-block-group alignfull is-layout-constrained wp-container-core-group-is-layout-0117c4cf wp-block-group-is-layout-constrained\" style=\"padding-top:80px;padding-bottom:80px\">\n<div class=\"wp-block-columns alignwide is-layout-flex wp-container-core-columns-is-layout-28f84493 wp-block-columns-is-layout-flex\">\n<div class=\"wp-block-column is-layout-flow wp-block-column-is-layout-flow\" style=\"padding-right:10px;padding-left:10px;flex-basis:50%\">\n<div class=\"wp-block-group alignwide is-content-justification-left is-nowrap is-layout-flex wp-container-core-group-is-layout-fc9f69e7 wp-block-group-is-layout-flex\">\n<div class=\"wp-block-group is-content-justification-left is-layout-constrained wp-container-core-group-is-layout-664c02a5 wp-block-group-is-layout-constrained\" style=\"padding-bottom:10px\">\n<h2 class=\"wp-block-heading has-text-color has-link-color has-hedvig-letters-serif-regular-font-family wp-elements-37539dec42ee197e6e48dcd3c266f916\" style=\"color:#242925\"><strong>Mieux nous conna\u00eetre &#8230;<\/strong><\/h2>\n\n\n\n<p>Nous sommes Clara, Orianne et Sheilcy , trois \u00e9tudiantes en Bachelor Community Manager \u00e0 l\u2019IGC de Rennes, mais surtout trois passionn\u00e9es de voyage et de digital.<\/p>\n\n\n\n<p>Entre les applications, l\u2019intelligence artificielle, les plateformes de r\u00e9servation ou encore les contenus immersifs, nous avons r\u00e9alis\u00e9 que le digital est aujourd\u2019hui au c\u0153ur de chaque exp\u00e9rience.<\/p>\n\n\n\n<p>C\u2019est de cette r\u00e9flexion qu\u2019est n\u00e9 WIFLY.<\/p>\n\n\n\n<p>\u00c0 travers ce blog, nous avons voulu cr\u00e9er un espace qui nous ressemble : un lieu o\u00f9 l\u2019on d\u00e9crypte les tendances, o\u00f9 l\u2019on partage des conseils concrets, mais aussi o\u00f9 l\u2019on prend du recul sur ces innovations.<br>Car oui, le digital ouvre de nombreuses portes\u2026 mais il a aussi ses limites, et il est essentiel de les comprendre pour mieux voyager.<\/p>\n\n\n\n<p>WIFLY, c\u2019est finalement notre fa\u00e7on de partager notre vision du voyage : une exp\u00e9rience plus connect\u00e9e, mais aussi plus consciente et authentique.<\/p>\n<\/div>\n<\/div>\n<\/div>\n\n\n\n<div class=\"wp-block-column is-layout-flow wp-block-column-is-layout-flow\" style=\"padding-right:10px;padding-left:10px;flex-basis:50%\">\n<div data-aos= \"flip-left\" data-aos-duration=\"400\" data-aos-delay=\"0\" data-aos-easing=\"ease\" data-aos-once=\"true\" class=\"wp-block-uagb-image alignwide uagb-block-39e472a5 wp-block-uagb-image--layout-default wp-block-uagb-image--effect-static wp-block-uagb-image--align-wide\"><figure class=\"wp-block-uagb-image__figure\"><img decoding=\"async\" srcset=\"https:\/\/wifly.exerceetvous.fr\/wp-content\/uploads\/2026\/05\/9663F7AD-7354-4D96-9FED-2E16307C6D2C-1-1024x768.png ,https:\/\/wifly.exerceetvous.fr\/wp-content\/uploads\/2026\/05\/9663F7AD-7354-4D96-9FED-2E16307C6D2C-1.png 780w, https:\/\/wifly.exerceetvous.fr\/wp-content\/uploads\/2026\/05\/9663F7AD-7354-4D96-9FED-2E16307C6D2C-1.png 360w\" sizes=\"auto, (max-width: 480px) 150px\" src=\"https:\/\/wifly.exerceetvous.fr\/wp-content\/uploads\/2026\/05\/9663F7AD-7354-4D96-9FED-2E16307C6D2C-1-1024x768.png\" alt=\"\" class=\"uag-image-392\" width=\"743\" height=\"704\" title=\"Photo groupe\" loading=\"lazy\" role=\"img\"\/><\/figure><\/div>\n<\/div>\n<\/div>\n<\/div>\n<\/div><\/div>\n\n\n\n<h2 class=\"wp-block-heading has-text-align-center has-ast-global-color-0-color has-text-color has-link-color wp-elements-a1a970ef0398280eaf9753320e281747\" style=\"text-transform:uppercase\"><strong>Nos th\u00e9matiques<\/strong><\/h2>\n\n\n\t\t\t\t\t<div\n\t\t\t\t\t\tclass=\"wp-block-uagb-image-gallery uagb-block-1cc02e1c     \"\n\t\t\t\t\t\tstyle=\"\"\n\t\t\t\t\t>\n\t\t\t\t\t\t\t\t\t\t\t<div class=\"spectra-image-gallery spectra-image-gallery__layout--grid spectra-image-gallery__layout--grid-col-3 spectra-image-gallery__layout--grid-col-tab-3 spectra-image-gallery__layout--grid-col-mob-2\">\n\t\t\t\t\t\t\t\t\t\t\t<div class='spectra-image-gallery__media-wrapper' data-spectra-gallery-image-id='214' tabindex=\"0\">\n\t\t\t\t\t\t\t<div class=\"spectra-image-gallery__media spectra-image-gallery__media--grid\">\n\t\t\t\t<picture>\n\t\t\t\t\t<source media=\"(min-width: 1024px)\" srcset=\"https:\/\/wifly.exerceetvous.fr\/wp-content\/uploads\/2026\/04\/chasing-this-feeling.jpg\">\n\t\t\t\t\t<source media=\"(min-width: 768px)\" srcset=\"https:\/\/wifly.exerceetvous.fr\/wp-content\/uploads\/2026\/04\/chasing-this-feeling.jpg\">\n\t\t\t\t\t<img decoding=\"async\" class=\"spectra-image-gallery__media-thumbnail spectra-image-gallery__media-thumbnail--grid\" src=\"https:\/\/wifly.exerceetvous.fr\/wp-content\/uploads\/2026\/04\/chasing-this-feeling-225x300.jpg\" alt=\"Blog d\u2019actualit\u00e9 digitale autour du voyage\" loading=\"lazy\" \/>\n\t\t\t\t<\/picture>\n\t\t\t\t<div class=\"spectra-image-gallery__media-thumbnail-blurrer\"><\/div>\n\t\t\t\t\t\t\t\t\t\t\t<div class=\"spectra-image-gallery__media-thumbnail-caption-wrapper spectra-image-gallery__media-thumbnail-caption-wrapper--overlay\">\n\t\t\t\t\t\t\t\t\t\t\t<div class=\"spectra-image-gallery__media-thumbnail-caption spectra-image-gallery__media-thumbnail-caption--overlay\">\n\t\t\t\t\tTendances &amp; nouveaux usages du tourisme\t\t\t\t<\/div>\n\t\t\t\t\t\t\t\t\t\t<\/div>\n\t\t\t\t\t\t\t\t\t<\/div>\n\t\t\t\t\t\t<\/div>\n\t\t\t\t\t\t<div class='spectra-image-gallery__media-wrapper' data-spectra-gallery-image-id='215' tabindex=\"0\">\n\t\t\t\t\t\t\t<div class=\"spectra-image-gallery__media spectra-image-gallery__media--grid\">\n\t\t\t\t<picture>\n\t\t\t\t\t<source media=\"(min-width: 1024px)\" srcset=\"https:\/\/wifly.exerceetvous.fr\/wp-content\/uploads\/2026\/04\/telechargement-67-1.jpg\">\n\t\t\t\t\t<source media=\"(min-width: 768px)\" srcset=\"https:\/\/wifly.exerceetvous.fr\/wp-content\/uploads\/2026\/04\/telechargement-67-1.jpg\">\n\t\t\t\t\t<img decoding=\"async\" class=\"spectra-image-gallery__media-thumbnail spectra-image-gallery__media-thumbnail--grid\" src=\"https:\/\/wifly.exerceetvous.fr\/wp-content\/uploads\/2026\/04\/telechargement-67-1-240x300.jpg\" alt=\"Blog d\u2019actualit\u00e9 digitale autour du voyage\" loading=\"lazy\" \/>\n\t\t\t\t<\/picture>\n\t\t\t\t<div class=\"spectra-image-gallery__media-thumbnail-blurrer\"><\/div>\n\t\t\t\t\t\t\t\t\t\t\t<div class=\"spectra-image-gallery__media-thumbnail-caption-wrapper spectra-image-gallery__media-thumbnail-caption-wrapper--overlay\">\n\t\t\t\t\t\t\t\t\t\t\t<div class=\"spectra-image-gallery__media-thumbnail-caption spectra-image-gallery__media-thumbnail-caption--overlay\">\n\t\t\t\t\tOutils &amp; applications\t\t\t\t<\/div>\n\t\t\t\t\t\t\t\t\t\t<\/div>\n\t\t\t\t\t\t\t\t\t<\/div>\n\t\t\t\t\t\t<\/div>\n\t\t\t\t\t\t<div class='spectra-image-gallery__media-wrapper' data-spectra-gallery-image-id='218' tabindex=\"0\">\n\t\t\t\t\t\t\t<div class=\"spectra-image-gallery__media spectra-image-gallery__media--grid\">\n\t\t\t\t<picture>\n\t\t\t\t\t<source media=\"(min-width: 1024px)\" srcset=\"https:\/\/wifly.exerceetvous.fr\/wp-content\/uploads\/2026\/04\/telechargement-66.jpg\">\n\t\t\t\t\t<source media=\"(min-width: 768px)\" srcset=\"https:\/\/wifly.exerceetvous.fr\/wp-content\/uploads\/2026\/04\/telechargement-66.jpg\">\n\t\t\t\t\t<img decoding=\"async\" class=\"spectra-image-gallery__media-thumbnail spectra-image-gallery__media-thumbnail--grid\" src=\"https:\/\/wifly.exerceetvous.fr\/wp-content\/uploads\/2026\/04\/telechargement-66-240x300.jpg\" alt=\"Blog d\u2019actualit\u00e9 digitale autour du voyage\" loading=\"lazy\" \/>\n\t\t\t\t<\/picture>\n\t\t\t\t<div class=\"spectra-image-gallery__media-thumbnail-blurrer\"><\/div>\n\t\t\t\t\t\t\t\t\t\t\t<div class=\"spectra-image-gallery__media-thumbnail-caption-wrapper spectra-image-gallery__media-thumbnail-caption-wrapper--overlay\">\n\t\t\t\t\t\t\t\t\t\t\t<div class=\"spectra-image-gallery__media-thumbnail-caption spectra-image-gallery__media-thumbnail-caption--overlay\">\n\t\t\t\t\tInnovations &amp; technologies\t\t\t\t<\/div>\n\t\t\t\t\t\t\t\t\t\t<\/div>\n\t\t\t\t\t\t\t\t\t<\/div>\n\t\t\t\t\t\t<\/div>\n\t\t\t\t\t\t\t\t\t\t<\/div>\n\t\t\t\t\t\t\t\t\t\t\t\t\t\t\t\t\t\t<\/div>\n\t\t\t\t\t\t\t\t\t\t\t<div class='spectra-image-gallery__control-lightbox' tabindex='0'>\n\t\t\t\t\t\t\t\t\t\t\t<div class=\"swiper spectra-image-gallery__control-lightbox--main\" dir=\"\">\n\t\t\t\t\t<div class=\"swiper-wrapper\">\n\t\t\t\t\t\t\t\t\t\t\t\t\t\n\t\t\t\t\t\t\t<div class=\"swiper-slide\">\n\t\t\t\t\t\t\t\t<img class=\"swiper-lazy\" data-src=\"https:\/\/wifly.exerceetvous.fr\/wp-content\/uploads\/2026\/04\/chasing-this-feeling.jpg\" alt=\"Blog d\u2019actualit\u00e9 digitale autour du voyage\"\/>\n\t\t\t\t\t\t\t\t<div class=\"swiper-lazy-preloader swiper-lazy-preloader-white\"><\/div>\n\t\t\t\t\t\t\t\t\t\t\t\t\t\t\t<\/div>\n\t\t\t\t\t\t\t\t\t\t\t\t\t\n\t\t\t\t\t\t\t<div class=\"swiper-slide\">\n\t\t\t\t\t\t\t\t<img class=\"swiper-lazy\" data-src=\"https:\/\/wifly.exerceetvous.fr\/wp-content\/uploads\/2026\/04\/telechargement-67-1.jpg\" alt=\"Blog d\u2019actualit\u00e9 digitale autour du voyage\"\/>\n\t\t\t\t\t\t\t\t<div class=\"swiper-lazy-preloader swiper-lazy-preloader-white\"><\/div>\n\t\t\t\t\t\t\t\t\t\t\t\t\t\t\t<\/div>\n\t\t\t\t\t\t\t\t\t\t\t\t\t\n\t\t\t\t\t\t\t<div class=\"swiper-slide\">\n\t\t\t\t\t\t\t\t<img class=\"swiper-lazy\" data-src=\"https:\/\/wifly.exerceetvous.fr\/wp-content\/uploads\/2026\/04\/telechargement-66.jpg\" alt=\"Blog d\u2019actualit\u00e9 digitale autour du voyage\"\/>\n\t\t\t\t\t\t\t\t<div class=\"swiper-lazy-preloader swiper-lazy-preloader-white\"><\/div>\n\t\t\t\t\t\t\t\t\t\t\t\t\t\t\t<\/div>\n\t\t\t\t\t\t\t\t\t\t\t<\/div>\n\t\t\t\t\t<div class=\"swiper-button-next\"><\/div>\n\t\t\t\t\t<div class=\"swiper-button-prev\"><\/div>\n\t\t\t\t<\/div>\t\t\t\n\t\t\t\t\t\t\t\t\t\t\t\t\t\t\t\t\t\t\t\t\t\t\t\t\t\t\t\t\t\t\t\t<button class='spectra-image-gallery__control-lightbox--close' aria-label=\"Close\">\n\t\t\t\t\t\t\t\t\t\t\t\t\t<svg xmlns=\"https:\/\/www.w3.org\/2000\/svg\" viewBox= \"0 0 320 512\"><path d=\"M310.6 361.4c12.5 12.5 12.5 32.75 0 45.25C304.4 412.9 296.2 416 288 416s-16.38-3.125-22.62-9.375L160 301.3L54.63 406.6C48.38 412.9 40.19 416 32 416S15.63 412.9 9.375 406.6c-12.5-12.5-12.5-32.75 0-45.25l105.4-105.4L9.375 150.6c-12.5-12.5-12.5-32.75 0-45.25s32.75-12.5 45.25 0L160 210.8l105.4-105.4c12.5-12.5 32.75-12.5 45.25 0s12.5 32.75 0 45.25l-105.4 105.4L310.6 361.4z\"><\/path><\/svg>\n\t\t\t\t\t\t\t\t\t\t\t\t<\/button>\n\t\t\t\t\t\t\t\t\t\t\t\t\t<\/div>\n\t\t\t\t\t\t\t\t\t\n\n\n<div style=\"height:41px\" aria-hidden=\"true\" class=\"wp-block-spacer\"><\/div>\n\n\n\n<div class=\"wp-block-buttons is-content-justification-center is-layout-flex wp-container-core-buttons-is-layout-a89b3969 wp-block-buttons-is-layout-flex\">\n<div class=\"wp-block-button\"><a class=\"wp-block-button__link has-background wp-element-button\" href=\"https:\/\/wifly.exerceetvous.fr\/index.php\/blog\/\" style=\"background-color:#e03b72;box-shadow:var(--wp--preset--shadow--natural)\">D\u00e9couvrir nos articles<\/a><\/div>\n<\/div>\n\n\n\n<p><\/p>\n","protected":false},"excerpt":{"rendered":"<p>Qui sommes nous ? Nos th\u00e9matiques<\/p>\n","protected":false},"author":3,"featured_media":0,"parent":0,"menu_order":0,"comment_status":"closed","ping_status":"closed","template":"","meta":{"_uag_custom_page_level_css":"","site-sidebar-layout":"default","site-content-layout":"","ast-site-content-layout":"default","site-content-style":"default","site-sidebar-style":"default","ast-global-header-display":"","ast-banner-title-visibility":"","ast-main-header-display":"","ast-hfb-above-header-display":"","ast-hfb-below-header-display":"","ast-hfb-mobile-header-display":"","site-post-title":"disabled","ast-breadcrumbs-content":"","ast-featured-img":"","footer-sml-layout":"","ast-disable-related-posts":"","theme-transparent-header-meta":"","adv-header-id-meta":"","stick-header-meta":"","header-above-stick-meta":"","header-main-stick-meta":"","header-below-stick-meta":"","astra-migrate-meta-layouts":"default","ast-page-background-enabled":"default","ast-page-background-meta":{"desktop":{"background-color":"var(--ast-global-color-5)","background-image":"","background-repeat":"repeat","background-position":"center center","background-size":"auto","background-attachment":"scroll","background-type":"","background-media":"","overlay-type":"","overlay-color":"","overlay-opacity":"","overlay-gradient":""},"tablet":{"background-color":"","background-image":"","background-repeat":"repeat","background-position":"center center","background-size":"auto","background-attachment":"scroll","background-type":"","background-media":"","overlay-type":"","overlay-color":"","overlay-opacity":"","overlay-gradient":""},"mobile":{"background-color":"","background-image":"","background-repeat":"repeat","background-position":"center center","background-size":"auto","background-attachment":"scroll","background-type":"","background-media":"","overlay-type":"","overlay-color":"","overlay-opacity":"","overlay-gradient":""}},"ast-content-background-meta":{"desktop":{"background-color":"var(--ast-global-color-4)","background-image":"","background-repeat":"repeat","background-position":"center center","background-size":"auto","background-attachment":"scroll","background-type":"","background-media":"","overlay-type":"","overlay-color":"","overlay-opacity":"","overlay-gradient":""},"tablet":{"background-color":"var(--ast-global-color-4)","background-image":"","background-repeat":"repeat","background-position":"center center","background-size":"auto","background-attachment":"scroll","background-type":"","background-media":"","overlay-type":"","overlay-color":"","overlay-opacity":"","overlay-gradient":""},"mobile":{"background-color":"var(--ast-global-color-4)","background-image":"","background-repeat":"repeat","background-position":"center center","background-size":"auto","background-attachment":"scroll","background-type":"","background-media":"","overlay-type":"","overlay-color":"","overlay-opacity":"","overlay-gradient":""}},"footnotes":""},"class_list":["post-30","page","type-page","status-publish","hentry"],"yoast_head":"<!-- This site is optimized with the Yoast SEO plugin v27.5 - https:\/\/yoast.com\/product\/yoast-seo-wordpress\/ -->\n<title>Qui sommes-nous ? | WIFLY \u2013 Voyage &amp; Digital<\/title>\n<meta name=\"description\" content=\"D\u00e9couvrez WIFLY, blog sur le voyage et le digital. Nous partageons id\u00e9es, inspirations et r\u00e9flexions sur les nouveaux modes de vie connect\u00e9s.\" \/>\n<meta name=\"robots\" content=\"index, follow, max-snippet:-1, max-image-preview:large, max-video-preview:-1\" \/>\n<link rel=\"canonical\" href=\"https:\/\/wifly.exerceetvous.fr\/index.php\/qui-sommes-nous-wifly-voyage-digital\/\" \/>\n<meta property=\"og:locale\" content=\"fr_FR\" \/>\n<meta property=\"og:type\" content=\"article\" \/>\n<meta property=\"og:title\" content=\"Qui sommes-nous ? | WIFLY \u2013 Voyage &amp; Digital\" \/>\n<meta property=\"og:description\" content=\"D\u00e9couvrez WIFLY, blog sur le voyage et le digital. Nous partageons id\u00e9es, inspirations et r\u00e9flexions sur les nouveaux modes de vie connect\u00e9s.\" \/>\n<meta property=\"og:url\" content=\"https:\/\/wifly.exerceetvous.fr\/index.php\/qui-sommes-nous-wifly-voyage-digital\/\" \/>\n<meta property=\"article:modified_time\" content=\"2026-05-04T15:28:50+00:00\" \/>\n<meta property=\"og:image\" content=\"https:\/\/wifly.exerceetvous.fr\/wp-content\/uploads\/2026\/05\/9663F7AD-7354-4D96-9FED-2E16307C6D2C-1-1024x768.png\" \/>\n<meta name=\"twitter:card\" content=\"summary_large_image\" \/>\n<meta name=\"twitter:label1\" content=\"Dur\u00e9e de lecture estim\u00e9e\" \/>\n\t<meta name=\"twitter:data1\" content=\"1 minute\" \/>\n<script type=\"application\/ld+json\" class=\"yoast-schema-graph\">{\"@context\":\"https:\\\/\\\/schema.org\",\"@graph\":[{\"@type\":\"WebPage\",\"@id\":\"https:\\\/\\\/wifly.exerceetvous.fr\\\/index.php\\\/qui-sommes-nous-wifly-voyage-digital\\\/\",\"url\":\"https:\\\/\\\/wifly.exerceetvous.fr\\\/index.php\\\/qui-sommes-nous-wifly-voyage-digital\\\/\",\"name\":\"Qui sommes-nous ? | WIFLY \u2013 Voyage & Digital\",\"isPartOf\":{\"@id\":\"https:\\\/\\\/wifly.exerceetvous.fr\\\/#website\"},\"primaryImageOfPage\":{\"@id\":\"https:\\\/\\\/wifly.exerceetvous.fr\\\/index.php\\\/qui-sommes-nous-wifly-voyage-digital\\\/#primaryimage\"},\"image\":{\"@id\":\"https:\\\/\\\/wifly.exerceetvous.fr\\\/index.php\\\/qui-sommes-nous-wifly-voyage-digital\\\/#primaryimage\"},\"thumbnailUrl\":\"https:\\\/\\\/wifly.exerceetvous.fr\\\/wp-content\\\/uploads\\\/2026\\\/05\\\/9663F7AD-7354-4D96-9FED-2E16307C6D2C-1-1024x768.png\",\"datePublished\":\"2026-04-07T13:53:08+00:00\",\"dateModified\":\"2026-05-04T15:28:50+00:00\",\"description\":\"D\u00e9couvrez WIFLY, blog sur le voyage et le digital. Nous partageons id\u00e9es, inspirations et r\u00e9flexions sur les nouveaux modes de vie connect\u00e9s.\",\"breadcrumb\":{\"@id\":\"https:\\\/\\\/wifly.exerceetvous.fr\\\/index.php\\\/qui-sommes-nous-wifly-voyage-digital\\\/#breadcrumb\"},\"inLanguage\":\"fr-FR\",\"potentialAction\":[{\"@type\":\"ReadAction\",\"target\":[\"https:\\\/\\\/wifly.exerceetvous.fr\\\/index.php\\\/qui-sommes-nous-wifly-voyage-digital\\\/\"]}]},{\"@type\":\"ImageObject\",\"inLanguage\":\"fr-FR\",\"@id\":\"https:\\\/\\\/wifly.exerceetvous.fr\\\/index.php\\\/qui-sommes-nous-wifly-voyage-digital\\\/#primaryimage\",\"url\":\"https:\\\/\\\/wifly.exerceetvous.fr\\\/wp-content\\\/uploads\\\/2026\\\/05\\\/9663F7AD-7354-4D96-9FED-2E16307C6D2C-1-1024x768.png\",\"contentUrl\":\"https:\\\/\\\/wifly.exerceetvous.fr\\\/wp-content\\\/uploads\\\/2026\\\/05\\\/9663F7AD-7354-4D96-9FED-2E16307C6D2C-1-1024x768.png\"},{\"@type\":\"BreadcrumbList\",\"@id\":\"https:\\\/\\\/wifly.exerceetvous.fr\\\/index.php\\\/qui-sommes-nous-wifly-voyage-digital\\\/#breadcrumb\",\"itemListElement\":[{\"@type\":\"ListItem\",\"position\":1,\"name\":\"Accueil\",\"item\":\"https:\\\/\\\/wifly.exerceetvous.fr\\\/\"},{\"@type\":\"ListItem\",\"position\":2,\"name\":\"Qui sommes nous ?\"}]},{\"@type\":\"WebSite\",\"@id\":\"https:\\\/\\\/wifly.exerceetvous.fr\\\/#website\",\"url\":\"https:\\\/\\\/wifly.exerceetvous.fr\\\/\",\"name\":\"\",\"description\":\"Cliquez * Explorez * Voyagez\",\"potentialAction\":[{\"@type\":\"SearchAction\",\"target\":{\"@type\":\"EntryPoint\",\"urlTemplate\":\"https:\\\/\\\/wifly.exerceetvous.fr\\\/?s={search_term_string}\"},\"query-input\":{\"@type\":\"PropertyValueSpecification\",\"valueRequired\":true,\"valueName\":\"search_term_string\"}}],\"inLanguage\":\"fr-FR\"}]}<\/script>\n<!-- \/ Yoast SEO plugin. -->","yoast_head_json":{"title":"Qui sommes-nous ? | WIFLY \u2013 Voyage & Digital","description":"D\u00e9couvrez WIFLY, blog sur le voyage et le digital. Nous partageons id\u00e9es, inspirations et r\u00e9flexions sur les nouveaux modes de vie connect\u00e9s.","robots":{"index":"index","follow":"follow","max-snippet":"max-snippet:-1","max-image-preview":"max-image-preview:large","max-video-preview":"max-video-preview:-1"},"canonical":"https:\/\/wifly.exerceetvous.fr\/index.php\/qui-sommes-nous-wifly-voyage-digital\/","og_locale":"fr_FR","og_type":"article","og_title":"Qui sommes-nous ? | WIFLY \u2013 Voyage & Digital","og_description":"D\u00e9couvrez WIFLY, blog sur le voyage et le digital. Nous partageons id\u00e9es, inspirations et r\u00e9flexions sur les nouveaux modes de vie connect\u00e9s.","og_url":"https:\/\/wifly.exerceetvous.fr\/index.php\/qui-sommes-nous-wifly-voyage-digital\/","article_modified_time":"2026-05-04T15:28:50+00:00","og_image":[{"url":"https:\/\/wifly.exerceetvous.fr\/wp-content\/uploads\/2026\/05\/9663F7AD-7354-4D96-9FED-2E16307C6D2C-1-1024x768.png","type":"","width":"","height":""}],"twitter_card":"summary_large_image","twitter_misc":{"Dur\u00e9e de lecture estim\u00e9e":"1 minute"},"schema":{"@context":"https:\/\/schema.org","@graph":[{"@type":"WebPage","@id":"https:\/\/wifly.exerceetvous.fr\/index.php\/qui-sommes-nous-wifly-voyage-digital\/","url":"https:\/\/wifly.exerceetvous.fr\/index.php\/qui-sommes-nous-wifly-voyage-digital\/","name":"Qui sommes-nous ? | WIFLY \u2013 Voyage & Digital","isPartOf":{"@id":"https:\/\/wifly.exerceetvous.fr\/#website"},"primaryImageOfPage":{"@id":"https:\/\/wifly.exerceetvous.fr\/index.php\/qui-sommes-nous-wifly-voyage-digital\/#primaryimage"},"image":{"@id":"https:\/\/wifly.exerceetvous.fr\/index.php\/qui-sommes-nous-wifly-voyage-digital\/#primaryimage"},"thumbnailUrl":"https:\/\/wifly.exerceetvous.fr\/wp-content\/uploads\/2026\/05\/9663F7AD-7354-4D96-9FED-2E16307C6D2C-1-1024x768.png","datePublished":"2026-04-07T13:53:08+00:00","dateModified":"2026-05-04T15:28:50+00:00","description":"D\u00e9couvrez WIFLY, blog sur le voyage et le digital. Nous partageons id\u00e9es, inspirations et r\u00e9flexions sur les nouveaux modes de vie connect\u00e9s.","breadcrumb":{"@id":"https:\/\/wifly.exerceetvous.fr\/index.php\/qui-sommes-nous-wifly-voyage-digital\/#breadcrumb"},"inLanguage":"fr-FR","potentialAction":[{"@type":"ReadAction","target":["https:\/\/wifly.exerceetvous.fr\/index.php\/qui-sommes-nous-wifly-voyage-digital\/"]}]},{"@type":"ImageObject","inLanguage":"fr-FR","@id":"https:\/\/wifly.exerceetvous.fr\/index.php\/qui-sommes-nous-wifly-voyage-digital\/#primaryimage","url":"https:\/\/wifly.exerceetvous.fr\/wp-content\/uploads\/2026\/05\/9663F7AD-7354-4D96-9FED-2E16307C6D2C-1-1024x768.png","contentUrl":"https:\/\/wifly.exerceetvous.fr\/wp-content\/uploads\/2026\/05\/9663F7AD-7354-4D96-9FED-2E16307C6D2C-1-1024x768.png"},{"@type":"BreadcrumbList","@id":"https:\/\/wifly.exerceetvous.fr\/index.php\/qui-sommes-nous-wifly-voyage-digital\/#breadcrumb","itemListElement":[{"@type":"ListItem","position":1,"name":"Accueil","item":"https:\/\/wifly.exerceetvous.fr\/"},{"@type":"ListItem","position":2,"name":"Qui sommes nous ?"}]},{"@type":"WebSite","@id":"https:\/\/wifly.exerceetvous.fr\/#website","url":"https:\/\/wifly.exerceetvous.fr\/","name":"","description":"Cliquez * Explorez * Voyagez","potentialAction":[{"@type":"SearchAction","target":{"@type":"EntryPoint","urlTemplate":"https:\/\/wifly.exerceetvous.fr\/?s={search_term_string}"},"query-input":{"@type":"PropertyValueSpecification","valueRequired":true,"valueName":"search_term_string"}}],"inLanguage":"fr-FR"}]}},"uagb_featured_image_src":{"full":false,"thumbnail":false,"medium":false,"medium_large":false,"large":false,"1536x1536":false,"2048x2048":false},"uagb_author_info":{"display_name":"Clara Laudren","author_link":"https:\/\/wifly.exerceetvous.fr\/index.php\/author\/clara\/"},"uagb_comment_info":0,"uagb_excerpt":"Qui sommes nous ? Nos th\u00e9matiques","_links":{"self":[{"href":"https:\/\/wifly.exerceetvous.fr\/index.php\/wp-json\/wp\/v2\/pages\/30","targetHints":{"allow":["GET"]}}],"collection":[{"href":"https:\/\/wifly.exerceetvous.fr\/index.php\/wp-json\/wp\/v2\/pages"}],"about":[{"href":"https:\/\/wifly.exerceetvous.fr\/index.php\/wp-json\/wp\/v2\/types\/page"}],"author":[{"embeddable":true,"href":"https:\/\/wifly.exerceetvous.fr\/index.php\/wp-json\/wp\/v2\/users\/3"}],"replies":[{"embeddable":true,"href":"https:\/\/wifly.exerceetvous.fr\/index.php\/wp-json\/wp\/v2\/comments?post=30"}],"version-history":[{"count":24,"href":"https:\/\/wifly.exerceetvous.fr\/index.php\/wp-json\/wp\/v2\/pages\/30\/revisions"}],"predecessor-version":[{"id":504,"href":"https:\/\/wifly.exerceetvous.fr\/index.php\/wp-json\/wp\/v2\/pages\/30\/revisions\/504"}],"wp:attachment":[{"href":"https:\/\/wifly.exerceetvous.fr\/index.php\/wp-json\/wp\/v2\/media?parent=30"}],"curies":[{"name":"wp","href":"https:\/\/api.w.org\/{rel}","templated":true}]}}