{"id":219,"date":"2026-04-22T10:46:20","date_gmt":"2026-04-22T08:46:20","guid":{"rendered":"https:\/\/wifly.exerceetvous.fr\/?page_id=219"},"modified":"2026-05-05T09:59:02","modified_gmt":"2026-05-05T07:59:02","slug":"faq-voyage-digital","status":"publish","type":"page","link":"https:\/\/wifly.exerceetvous.fr\/index.php\/faq-voyage-digital\/","title":{"rendered":"FAQ"},"content":{"rendered":"\n<h1 class=\"wp-block-heading has-text-color has-link-color wp-elements-bdcc777bfdb3f88659796528b57a4e76\" style=\"color:#ff81ab;font-size:60px\">FAQ<\/h1>\n\n\n\n<p>Bienvenue dans la FAQ WI FLY, votre r\u00e9f\u00e9rence pour tout comprendre au voyage digital. Retrouvez ici les r\u00e9ponses aux questions les plus fr\u00e9quentes sur les applications de voyage, les outils num\u00e9riques, les tendances du tourisme connect\u00e9 et les innovations qui transforment la fa\u00e7on de voyager aujourd\u2019hui. Que vous cherchiez \u00e0 mieux organiser vos s\u00e9jours ou \u00e0 d\u00e9couvrir les derni\u00e8res tendances digitales &#8230;<\/p>\n\n\n<div class=\"wp-block-uagb-faq uagb-faq__outer-wrap uagb-block-eb990ac7 uagb-faq-icon-row uagb-faq-layout-accordion uagb-faq-expand-first-true uagb-faq-inactive-other-true uagb-faq__wrap uagb-buttons-layout-wrap uagb-faq-equal-height     \" data-faqtoggle=\"true\" role=\"tablist\"><div data-aos= \"fade\" data-aos-duration=\"400\" data-aos-delay=\"0\" data-aos-easing=\"ease\" data-aos-once=\"true\" class=\"wp-block-uagb-faq-child uagb-faq-child__outer-wrap uagb-faq-item uagb-block-e3035766 \" role=\"tab\" tabindex=\"0\"><div class=\"uagb-faq-questions-button uagb-faq-questions\">\t\t\t<span class=\"uagb-icon uagb-faq-icon-wrap\">\n\t\t\t\t\t\t\t\t<svg xmlns=\"https:\/\/www.w3.org\/2000\/svg\" viewBox= \"0 0 448 512\"><path d=\"M432 256c0 17.69-14.33 32.01-32 32.01H256v144c0 17.69-14.33 31.99-32 31.99s-32-14.3-32-31.99v-144H48c-17.67 0-32-14.32-32-32.01s14.33-31.99 32-31.99H192v-144c0-17.69 14.33-32.01 32-32.01s32 14.32 32 32.01v144h144C417.7 224 432 238.3 432 256z\"><\/path><\/svg>\n\t\t\t\t\t\t\t<\/span>\n\t\t\t\t\t\t<span class=\"uagb-icon-active uagb-faq-icon-wrap\">\n\t\t\t\t\t\t\t\t<svg xmlns=\"https:\/\/www.w3.org\/2000\/svg\" viewBox= \"0 0 448 512\"><path d=\"M400 288h-352c-17.69 0-32-14.32-32-32.01s14.31-31.99 32-31.99h352c17.69 0 32 14.3 32 31.99S417.7 288 400 288z\"><\/path><\/svg>\n\t\t\t\t\t\t\t<\/span>\n\t\t\t<span class=\"uagb-question\">Qu\u2019est-ce que WI FLY ?<\/span><\/div><div class=\"uagb-faq-content\"><p>WI FLY est un blog d\u00e9di\u00e9 au voyage et aux \u00e9volutions digitales. Nous explorons les nouvelles fa\u00e7ons de voyager, de travailler et de vivre dans un monde connect\u00e9<\/p><\/div><\/div><div class=\"wp-block-uagb-faq-child uagb-faq-child__outer-wrap uagb-faq-item uagb-block-0cc024e1 \" role=\"tab\" tabindex=\"0\"><div class=\"uagb-faq-questions-button uagb-faq-questions\">\t\t\t<span class=\"uagb-icon uagb-faq-icon-wrap\">\n\t\t\t\t\t\t\t\t<svg xmlns=\"https:\/\/www.w3.org\/2000\/svg\" viewBox= \"0 0 448 512\"><path d=\"M432 256c0 17.69-14.33 32.01-32 32.01H256v144c0 17.69-14.33 31.99-32 31.99s-32-14.3-32-31.99v-144H48c-17.67 0-32-14.32-32-32.01s14.33-31.99 32-31.99H192v-144c0-17.69 14.33-32.01 32-32.01s32 14.32 32 32.01v144h144C417.7 224 432 238.3 432 256z\"><\/path><\/svg>\n\t\t\t\t\t\t\t<\/span>\n\t\t\t\t\t\t<span class=\"uagb-icon-active uagb-faq-icon-wrap\">\n\t\t\t\t\t\t\t\t<svg xmlns=\"https:\/\/www.w3.org\/2000\/svg\" viewBox= \"0 0 448 512\"><path d=\"M400 288h-352c-17.69 0-32-14.32-32-32.01s14.31-31.99 32-31.99h352c17.69 0 32 14.3 32 31.99S417.7 288 400 288z\"><\/path><\/svg>\n\t\t\t\t\t\t\t<\/span>\n\t\t\t<span class=\"uagb-question\">\u00c0 qui s\u2019adresse WI FLY ?<\/span><\/div><div class=\"uagb-faq-content\"><p>WIFLY s\u2019adresse \u00e0 toutes les personnes curieuses : voyageurs, \u00e9tudiants, freelances ou passionn\u00e9s de digital qui souhaitent d\u00e9couvrir de nouvelles mani\u00e8res d\u2019explorer le monde.<\/p><\/div><\/div><\/div>\n\n<div class=\"wp-block-uagb-faq uagb-faq__outer-wrap uagb-block-e6f9b711 uagb-faq-icon-row uagb-faq-layout-accordion uagb-faq-expand-first-true uagb-faq-inactive-other-true uagb-faq__wrap uagb-buttons-layout-wrap uagb-faq-equal-height     \" data-faqtoggle=\"true\" role=\"tablist\"><div class=\"wp-block-uagb-faq-child uagb-faq-child__outer-wrap uagb-faq-item uagb-block-32da16de \" role=\"tab\" tabindex=\"0\"><div class=\"uagb-faq-questions-button uagb-faq-questions\">\t\t\t<span class=\"uagb-icon uagb-faq-icon-wrap\">\n\t\t\t\t\t\t\t\t<svg xmlns=\"https:\/\/www.w3.org\/2000\/svg\" viewBox= \"0 0 448 512\"><path d=\"M432 256c0 17.69-14.33 32.01-32 32.01H256v144c0 17.69-14.33 31.99-32 31.99s-32-14.3-32-31.99v-144H48c-17.67 0-32-14.32-32-32.01s14.33-31.99 32-31.99H192v-144c0-17.69 14.33-32.01 32-32.01s32 14.32 32 32.01v144h144C417.7 224 432 238.3 432 256z\"><\/path><\/svg>\n\t\t\t\t\t\t\t<\/span>\n\t\t\t\t\t\t<span class=\"uagb-icon-active uagb-faq-icon-wrap\">\n\t\t\t\t\t\t\t\t<svg xmlns=\"https:\/\/www.w3.org\/2000\/svg\" viewBox= \"0 0 448 512\"><path d=\"M400 288h-352c-17.69 0-32-14.32-32-32.01s14.31-31.99 32-31.99h352c17.69 0 32 14.3 32 31.99S417.7 288 400 288z\"><\/path><\/svg>\n\t\t\t\t\t\t\t<\/span>\n\t\t\t<span class=\"uagb-question\">Pourquoi associer voyage et digital ?<\/span><\/div><div class=\"uagb-faq-content\"><p>Le digital transforme notre fa\u00e7on de travailler et de voyager. Aujourd\u2019hui, il est possible de concilier les deux et de cr\u00e9er un mode de vie plus libre et flexible.<\/p><\/div><\/div><div class=\"wp-block-uagb-faq-child uagb-faq-child__outer-wrap uagb-faq-item uagb-block-cc1da339 \" role=\"tab\" tabindex=\"0\"><div class=\"uagb-faq-questions-button uagb-faq-questions\">\t\t\t<span class=\"uagb-icon uagb-faq-icon-wrap\">\n\t\t\t\t\t\t\t\t<svg xmlns=\"https:\/\/www.w3.org\/2000\/svg\" viewBox= \"0 0 448 512\"><path d=\"M432 256c0 17.69-14.33 32.01-32 32.01H256v144c0 17.69-14.33 31.99-32 31.99s-32-14.3-32-31.99v-144H48c-17.67 0-32-14.32-32-32.01s14.33-31.99 32-31.99H192v-144c0-17.69 14.33-32.01 32-32.01s32 14.32 32 32.01v144h144C417.7 224 432 238.3 432 256z\"><\/path><\/svg>\n\t\t\t\t\t\t\t<\/span>\n\t\t\t\t\t\t<span class=\"uagb-icon-active uagb-faq-icon-wrap\">\n\t\t\t\t\t\t\t\t<svg xmlns=\"https:\/\/www.w3.org\/2000\/svg\" viewBox= \"0 0 448 512\"><path d=\"M400 288h-352c-17.69 0-32-14.32-32-32.01s14.31-31.99 32-31.99h352c17.69 0 32 14.3 32 31.99S417.7 288 400 288z\"><\/path><\/svg>\n\t\t\t\t\t\t\t<\/span>\n\t\t\t<span class=\"uagb-question\">Proposez-vous des conseils pratiques ?<\/span><\/div><div class=\"uagb-faq-content\"><p>Oui, certains articles donnent des id\u00e9es, des conseils et des inspirations pour mieux organiser ses voyages et comprendre le monde digital.<\/p><\/div><\/div><\/div>\n\n<div class=\"wp-block-uagb-faq uagb-faq__outer-wrap uagb-block-3c664fdd uagb-faq-icon-row uagb-faq-layout-accordion uagb-faq-expand-first-true uagb-faq-inactive-other-true uagb-faq__wrap uagb-buttons-layout-wrap uagb-faq-equal-height     \" data-faqtoggle=\"true\" role=\"tablist\"><div class=\"wp-block-uagb-faq-child uagb-faq-child__outer-wrap uagb-faq-item uagb-block-3bc67ee4 \" role=\"tab\" tabindex=\"0\"><div class=\"uagb-faq-questions-button uagb-faq-questions\">\t\t\t<span class=\"uagb-icon uagb-faq-icon-wrap\">\n\t\t\t\t\t\t\t\t<svg xmlns=\"https:\/\/www.w3.org\/2000\/svg\" viewBox= \"0 0 448 512\"><path d=\"M432 256c0 17.69-14.33 32.01-32 32.01H256v144c0 17.69-14.33 31.99-32 31.99s-32-14.3-32-31.99v-144H48c-17.67 0-32-14.32-32-32.01s14.33-31.99 32-31.99H192v-144c0-17.69 14.33-32.01 32-32.01s32 14.32 32 32.01v144h144C417.7 224 432 238.3 432 256z\"><\/path><\/svg>\n\t\t\t\t\t\t\t<\/span>\n\t\t\t\t\t\t<span class=\"uagb-icon-active uagb-faq-icon-wrap\">\n\t\t\t\t\t\t\t\t<svg xmlns=\"https:\/\/www.w3.org\/2000\/svg\" viewBox= \"0 0 448 512\"><path d=\"M400 288h-352c-17.69 0-32-14.32-32-32.01s14.31-31.99 32-31.99h352c17.69 0 32 14.3 32 31.99S417.7 288 400 288z\"><\/path><\/svg>\n\t\t\t\t\t\t\t<\/span>\n\t\t\t<span class=\"uagb-question\">Faut-il \u00eatre expert en digital pour suivre WI FLY ?<\/span><\/div><div class=\"uagb-faq-content\"><p>Pas du tout. Le blog est accessible \u00e0 tous, que vous soyez d\u00e9butant ou d\u00e9j\u00e0 \u00e0 l\u2019aise avec le digital.<\/p><\/div><\/div><div class=\"wp-block-uagb-faq-child uagb-faq-child__outer-wrap uagb-faq-item uagb-block-d6c08962 \" role=\"tab\" tabindex=\"0\"><div class=\"uagb-faq-questions-button uagb-faq-questions\">\t\t\t<span class=\"uagb-icon uagb-faq-icon-wrap\">\n\t\t\t\t\t\t\t\t<svg xmlns=\"https:\/\/www.w3.org\/2000\/svg\" viewBox= \"0 0 448 512\"><path d=\"M432 256c0 17.69-14.33 32.01-32 32.01H256v144c0 17.69-14.33 31.99-32 31.99s-32-14.3-32-31.99v-144H48c-17.67 0-32-14.32-32-32.01s14.33-31.99 32-31.99H192v-144c0-17.69 14.33-32.01 32-32.01s32 14.32 32 32.01v144h144C417.7 224 432 238.3 432 256z\"><\/path><\/svg>\n\t\t\t\t\t\t\t<\/span>\n\t\t\t\t\t\t<span class=\"uagb-icon-active uagb-faq-icon-wrap\">\n\t\t\t\t\t\t\t\t<svg xmlns=\"https:\/\/www.w3.org\/2000\/svg\" viewBox= \"0 0 448 512\"><path d=\"M400 288h-352c-17.69 0-32-14.32-32-32.01s14.31-31.99 32-31.99h352c17.69 0 32 14.3 32 31.99S417.7 288 400 288z\"><\/path><\/svg>\n\t\t\t\t\t\t\t<\/span>\n\t\t\t<span class=\"uagb-question\">Comment contacter WI FLY ?<\/span><\/div><div class=\"uagb-faq-content\"><p>Vous pouvez nous contacter via notre formulaire de contact. Nous serons ravis d\u2019\u00e9changer avec vous autour de vos projets ou de vos questions.<\/p><\/div><\/div><div class=\"wp-block-uagb-faq-child uagb-faq-child__outer-wrap uagb-faq-item uagb-block-09764ca1 \" role=\"tab\" tabindex=\"0\"><div class=\"uagb-faq-questions-button uagb-faq-questions\">\t\t\t<span class=\"uagb-icon uagb-faq-icon-wrap\">\n\t\t\t\t\t\t\t\t<svg xmlns=\"https:\/\/www.w3.org\/2000\/svg\" viewBox= \"0 0 448 512\"><path d=\"M432 256c0 17.69-14.33 32.01-32 32.01H256v144c0 17.69-14.33 31.99-32 31.99s-32-14.3-32-31.99v-144H48c-17.67 0-32-14.32-32-32.01s14.33-31.99 32-31.99H192v-144c0-17.69 14.33-32.01 32-32.01s32 14.32 32 32.01v144h144C417.7 224 432 238.3 432 256z\"><\/path><\/svg>\n\t\t\t\t\t\t\t<\/span>\n\t\t\t\t\t\t<span class=\"uagb-icon-active uagb-faq-icon-wrap\">\n\t\t\t\t\t\t\t\t<svg xmlns=\"https:\/\/www.w3.org\/2000\/svg\" viewBox= \"0 0 448 512\"><path d=\"M400 288h-352c-17.69 0-32-14.32-32-32.01s14.31-31.99 32-31.99h352c17.69 0 32 14.3 32 31.99S417.7 288 400 288z\"><\/path><\/svg>\n\t\t\t\t\t\t\t<\/span>\n\t\t\t<span class=\"uagb-question\">O\u00f9 suivre notre actualit\u00e9 ?<\/span><\/div><div class=\"uagb-faq-content\"><p>Pour ne rien manquer de nos nouveaux articles, le plus simple est de vous abonner \u00e0 notre <a href=\"https:\/\/wifly.exerceetvous.fr\/#news\">newsletter<\/a> : vous serez inform\u00e9s d\u00e8s leur publication.<br>Nous partageons \u00e9galement chaque sortie d\u2019article sur nos r\u00e9seaux sociaux <a href=\"https:\/\/www.facebook.com\/profile.php?id=61567895877713\" id=\"https:\/\/www.facebook.com\/profile.php?id=61567895877713\">Facebook<\/a> et <a href=\"https:\/\/www.instagram.com\/wifly_blog\/\">Instagram<\/a>.<\/p><\/div><\/div><\/div>\n\n\n<div class=\"wp-block-buttons is-content-justification-center is-layout-flex wp-container-core-buttons-is-layout-a89b3969 wp-block-buttons-is-layout-flex\">\n<div class=\"wp-block-button\"><a class=\"wp-block-button__link has-background wp-element-button\" href=\"https:\/\/wifly.exerceetvous.fr\/index.php\/blog\/\" style=\"background-color:#ff81ab\">D\u00e9couvrir nos articles<\/a><\/div>\n<\/div>\n\n\n\n<div class=\"wp-block-buttons is-content-justification-center is-layout-flex wp-container-core-buttons-is-layout-a89b3969 wp-block-buttons-is-layout-flex\">\n<div class=\"wp-block-button\"><a class=\"wp-block-button__link has-background wp-element-button\" href=\"https:\/\/www.facebook.com\/profile.php?id=61567895877713\" style=\"background-color:#ff81ab\">Facebook<\/a><\/div>\n\n\n\n<div class=\"wp-block-button\"><a class=\"wp-block-button__link has-background wp-element-button\" href=\"https:\/\/www.instagram.com\/wifly_blog\/\" style=\"background-color:#ff81ab\">Instagram<\/a><\/div>\n<\/div>\n\n\n\n<figure class=\"wp-block-image aligncenter size-full is-resized\"><img loading=\"lazy\" decoding=\"async\" width=\"1000\" height=\"700\" src=\"https:\/\/wifly.exerceetvous.fr\/wp-content\/uploads\/2026\/05\/AdobeStock_569955143.png\" alt=\"Blog d'actualit\u00e9 digital aujourd'hui du voyage \" class=\"wp-image-432\" style=\"aspect-ratio:1.428592581624343;width:551px;height:auto\" srcset=\"https:\/\/wifly.exerceetvous.fr\/wp-content\/uploads\/2026\/05\/AdobeStock_569955143.png 1000w, https:\/\/wifly.exerceetvous.fr\/wp-content\/uploads\/2026\/05\/AdobeStock_569955143-300x210.png 300w, https:\/\/wifly.exerceetvous.fr\/wp-content\/uploads\/2026\/05\/AdobeStock_569955143-768x538.png 768w\" sizes=\"auto, (max-width: 1000px) 100vw, 1000px\" \/><\/figure>\n\n\n\n<p><\/p>\n","protected":false},"excerpt":{"rendered":"<p>FAQ Bienvenue dans la FAQ WI FLY, votre r\u00e9f\u00e9rence pour tout comprendre au voyage digital. Retrouvez ici les r\u00e9ponses aux [&hellip;]<\/p>\n","protected":false},"author":3,"featured_media":0,"parent":0,"menu_order":0,"comment_status":"closed","ping_status":"closed","template":"","meta":{"_uag_custom_page_level_css":"","site-sidebar-layout":"default","site-content-layout":"","ast-site-content-layout":"default","site-content-style":"default","site-sidebar-style":"default","ast-global-header-display":"","ast-banner-title-visibility":"","ast-main-header-display":"","ast-hfb-above-header-display":"","ast-hfb-below-header-display":"","ast-hfb-mobile-header-display":"","site-post-title":"disabled","ast-breadcrumbs-content":"","ast-featured-img":"","footer-sml-layout":"","ast-disable-related-posts":"","theme-transparent-header-meta":"","adv-header-id-meta":"","stick-header-meta":"","header-above-stick-meta":"","header-main-stick-meta":"","header-below-stick-meta":"","astra-migrate-meta-layouts":"default","ast-page-background-enabled":"default","ast-page-background-meta":{"desktop":{"background-color":"var(--ast-global-color-5)","background-image":"","background-repeat":"repeat","background-position":"center center","background-size":"auto","background-attachment":"scroll","background-type":"","background-media":"","overlay-type":"","overlay-color":"","overlay-opacity":"","overlay-gradient":""},"tablet":{"background-color":"","background-image":"","background-repeat":"repeat","background-position":"center center","background-size":"auto","background-attachment":"scroll","background-type":"","background-media":"","overlay-type":"","overlay-color":"","overlay-opacity":"","overlay-gradient":""},"mobile":{"background-color":"","background-image":"","background-repeat":"repeat","background-position":"center center","background-size":"auto","background-attachment":"scroll","background-type":"","background-media":"","overlay-type":"","overlay-color":"","overlay-opacity":"","overlay-gradient":""}},"ast-content-background-meta":{"desktop":{"background-color":"var(--ast-global-color-4)","background-image":"","background-repeat":"repeat","background-position":"center center","background-size":"auto","background-attachment":"scroll","background-type":"","background-media":"","overlay-type":"","overlay-color":"","overlay-opacity":"","overlay-gradient":""},"tablet":{"background-color":"var(--ast-global-color-4)","background-image":"","background-repeat":"repeat","background-position":"center center","background-size":"auto","background-attachment":"scroll","background-type":"","background-media":"","overlay-type":"","overlay-color":"","overlay-opacity":"","overlay-gradient":""},"mobile":{"background-color":"var(--ast-global-color-4)","background-image":"","background-repeat":"repeat","background-position":"center center","background-size":"auto","background-attachment":"scroll","background-type":"","background-media":"","overlay-type":"","overlay-color":"","overlay-opacity":"","overlay-gradient":""}},"footnotes":""},"class_list":["post-219","page","type-page","status-publish","hentry"],"yoast_head":"<!-- This site is optimized with the Yoast SEO plugin v27.5 - https:\/\/yoast.com\/product\/yoast-seo-wordpress\/ -->\n<title>FAQ WI FLY : le blog du voyage digital, outils et tendances<\/title>\n<meta name=\"description\" content=\"FAQ WI FLY : d\u00e9couvrez les r\u00e9ponses sur le voyage digital, les applications, les outils et les tendances du tourisme connect\u00e9.\" \/>\n<meta name=\"robots\" content=\"index, follow, max-snippet:-1, max-image-preview:large, max-video-preview:-1\" \/>\n<link rel=\"canonical\" href=\"https:\/\/wifly.exerceetvous.fr\/index.php\/faq-voyage-digital\/\" \/>\n<meta property=\"og:locale\" content=\"fr_FR\" \/>\n<meta property=\"og:type\" content=\"article\" \/>\n<meta property=\"og:title\" content=\"FAQ WI FLY : le blog du voyage digital, outils et tendances\" \/>\n<meta property=\"og:description\" content=\"FAQ WI FLY : d\u00e9couvrez les r\u00e9ponses sur le voyage digital, les applications, les outils et les tendances du tourisme connect\u00e9.\" \/>\n<meta property=\"og:url\" content=\"https:\/\/wifly.exerceetvous.fr\/index.php\/faq-voyage-digital\/\" \/>\n<meta property=\"article:modified_time\" content=\"2026-05-05T07:59:02+00:00\" \/>\n<meta property=\"og:image\" content=\"http:\/\/wifly.exerceetvous.fr\/wp-content\/uploads\/2026\/05\/AdobeStock_569955143.png\" \/>\n<meta name=\"twitter:card\" content=\"summary_large_image\" \/>\n<meta name=\"twitter:label1\" content=\"Dur\u00e9e de lecture estim\u00e9e\" \/>\n\t<meta name=\"twitter:data1\" content=\"1 minute\" \/>\n<script type=\"application\/ld+json\" class=\"yoast-schema-graph\">{\"@context\":\"https:\\\/\\\/schema.org\",\"@graph\":[{\"@type\":\"WebPage\",\"@id\":\"https:\\\/\\\/wifly.exerceetvous.fr\\\/index.php\\\/faq-voyage-digital\\\/\",\"url\":\"https:\\\/\\\/wifly.exerceetvous.fr\\\/index.php\\\/faq-voyage-digital\\\/\",\"name\":\"FAQ WI FLY : le blog du voyage digital, outils et tendances\",\"isPartOf\":{\"@id\":\"https:\\\/\\\/wifly.exerceetvous.fr\\\/#website\"},\"primaryImageOfPage\":{\"@id\":\"https:\\\/\\\/wifly.exerceetvous.fr\\\/index.php\\\/faq-voyage-digital\\\/#primaryimage\"},\"image\":{\"@id\":\"https:\\\/\\\/wifly.exerceetvous.fr\\\/index.php\\\/faq-voyage-digital\\\/#primaryimage\"},\"thumbnailUrl\":\"http:\\\/\\\/wifly.exerceetvous.fr\\\/wp-content\\\/uploads\\\/2026\\\/05\\\/AdobeStock_569955143.png\",\"datePublished\":\"2026-04-22T08:46:20+00:00\",\"dateModified\":\"2026-05-05T07:59:02+00:00\",\"description\":\"FAQ WI FLY : d\u00e9couvrez les r\u00e9ponses sur le voyage digital, les applications, les outils et les tendances du tourisme connect\u00e9.\",\"breadcrumb\":{\"@id\":\"https:\\\/\\\/wifly.exerceetvous.fr\\\/index.php\\\/faq-voyage-digital\\\/#breadcrumb\"},\"inLanguage\":\"fr-FR\",\"potentialAction\":[{\"@type\":\"ReadAction\",\"target\":[\"https:\\\/\\\/wifly.exerceetvous.fr\\\/index.php\\\/faq-voyage-digital\\\/\"]}]},{\"@type\":\"ImageObject\",\"inLanguage\":\"fr-FR\",\"@id\":\"https:\\\/\\\/wifly.exerceetvous.fr\\\/index.php\\\/faq-voyage-digital\\\/#primaryimage\",\"url\":\"https:\\\/\\\/wifly.exerceetvous.fr\\\/wp-content\\\/uploads\\\/2026\\\/05\\\/AdobeStock_569955143.png\",\"contentUrl\":\"https:\\\/\\\/wifly.exerceetvous.fr\\\/wp-content\\\/uploads\\\/2026\\\/05\\\/AdobeStock_569955143.png\",\"width\":1000,\"height\":700,\"caption\":\"Blog d'actualit\u00e9 digital aujourd'hui du voyage\"},{\"@type\":\"BreadcrumbList\",\"@id\":\"https:\\\/\\\/wifly.exerceetvous.fr\\\/index.php\\\/faq-voyage-digital\\\/#breadcrumb\",\"itemListElement\":[{\"@type\":\"ListItem\",\"position\":1,\"name\":\"Accueil\",\"item\":\"https:\\\/\\\/wifly.exerceetvous.fr\\\/\"},{\"@type\":\"ListItem\",\"position\":2,\"name\":\"FAQ\"}]},{\"@type\":\"WebSite\",\"@id\":\"https:\\\/\\\/wifly.exerceetvous.fr\\\/#website\",\"url\":\"https:\\\/\\\/wifly.exerceetvous.fr\\\/\",\"name\":\"\",\"description\":\"Cliquez * Explorez * Voyagez\",\"potentialAction\":[{\"@type\":\"SearchAction\",\"target\":{\"@type\":\"EntryPoint\",\"urlTemplate\":\"https:\\\/\\\/wifly.exerceetvous.fr\\\/?s={search_term_string}\"},\"query-input\":{\"@type\":\"PropertyValueSpecification\",\"valueRequired\":true,\"valueName\":\"search_term_string\"}}],\"inLanguage\":\"fr-FR\"}]}<\/script>\n<!-- \/ Yoast SEO plugin. -->","yoast_head_json":{"title":"FAQ WI FLY : le blog du voyage digital, outils et tendances","description":"FAQ WI FLY : d\u00e9couvrez les r\u00e9ponses sur le voyage digital, les applications, les outils et les tendances du tourisme connect\u00e9.","robots":{"index":"index","follow":"follow","max-snippet":"max-snippet:-1","max-image-preview":"max-image-preview:large","max-video-preview":"max-video-preview:-1"},"canonical":"https:\/\/wifly.exerceetvous.fr\/index.php\/faq-voyage-digital\/","og_locale":"fr_FR","og_type":"article","og_title":"FAQ WI FLY : le blog du voyage digital, outils et tendances","og_description":"FAQ WI FLY : d\u00e9couvrez les r\u00e9ponses sur le voyage digital, les applications, les outils et les tendances du tourisme connect\u00e9.","og_url":"https:\/\/wifly.exerceetvous.fr\/index.php\/faq-voyage-digital\/","article_modified_time":"2026-05-05T07:59:02+00:00","og_image":[{"url":"http:\/\/wifly.exerceetvous.fr\/wp-content\/uploads\/2026\/05\/AdobeStock_569955143.png","type":"","width":"","height":""}],"twitter_card":"summary_large_image","twitter_misc":{"Dur\u00e9e de lecture estim\u00e9e":"1 minute"},"schema":{"@context":"https:\/\/schema.org","@graph":[{"@type":"WebPage","@id":"https:\/\/wifly.exerceetvous.fr\/index.php\/faq-voyage-digital\/","url":"https:\/\/wifly.exerceetvous.fr\/index.php\/faq-voyage-digital\/","name":"FAQ WI FLY : le blog du voyage digital, outils et tendances","isPartOf":{"@id":"https:\/\/wifly.exerceetvous.fr\/#website"},"primaryImageOfPage":{"@id":"https:\/\/wifly.exerceetvous.fr\/index.php\/faq-voyage-digital\/#primaryimage"},"image":{"@id":"https:\/\/wifly.exerceetvous.fr\/index.php\/faq-voyage-digital\/#primaryimage"},"thumbnailUrl":"http:\/\/wifly.exerceetvous.fr\/wp-content\/uploads\/2026\/05\/AdobeStock_569955143.png","datePublished":"2026-04-22T08:46:20+00:00","dateModified":"2026-05-05T07:59:02+00:00","description":"FAQ WI FLY : d\u00e9couvrez les r\u00e9ponses sur le voyage digital, les applications, les outils et les tendances du tourisme connect\u00e9.","breadcrumb":{"@id":"https:\/\/wifly.exerceetvous.fr\/index.php\/faq-voyage-digital\/#breadcrumb"},"inLanguage":"fr-FR","potentialAction":[{"@type":"ReadAction","target":["https:\/\/wifly.exerceetvous.fr\/index.php\/faq-voyage-digital\/"]}]},{"@type":"ImageObject","inLanguage":"fr-FR","@id":"https:\/\/wifly.exerceetvous.fr\/index.php\/faq-voyage-digital\/#primaryimage","url":"https:\/\/wifly.exerceetvous.fr\/wp-content\/uploads\/2026\/05\/AdobeStock_569955143.png","contentUrl":"https:\/\/wifly.exerceetvous.fr\/wp-content\/uploads\/2026\/05\/AdobeStock_569955143.png","width":1000,"height":700,"caption":"Blog d'actualit\u00e9 digital aujourd'hui du voyage"},{"@type":"BreadcrumbList","@id":"https:\/\/wifly.exerceetvous.fr\/index.php\/faq-voyage-digital\/#breadcrumb","itemListElement":[{"@type":"ListItem","position":1,"name":"Accueil","item":"https:\/\/wifly.exerceetvous.fr\/"},{"@type":"ListItem","position":2,"name":"FAQ"}]},{"@type":"WebSite","@id":"https:\/\/wifly.exerceetvous.fr\/#website","url":"https:\/\/wifly.exerceetvous.fr\/","name":"","description":"Cliquez * Explorez * Voyagez","potentialAction":[{"@type":"SearchAction","target":{"@type":"EntryPoint","urlTemplate":"https:\/\/wifly.exerceetvous.fr\/?s={search_term_string}"},"query-input":{"@type":"PropertyValueSpecification","valueRequired":true,"valueName":"search_term_string"}}],"inLanguage":"fr-FR"}]}},"uagb_featured_image_src":{"full":false,"thumbnail":false,"medium":false,"medium_large":false,"large":false,"1536x1536":false,"2048x2048":false},"uagb_author_info":{"display_name":"Clara Laudren","author_link":"https:\/\/wifly.exerceetvous.fr\/index.php\/author\/clara\/"},"uagb_comment_info":0,"uagb_excerpt":"FAQ Bienvenue dans la FAQ WI FLY, votre r\u00e9f\u00e9rence pour tout comprendre au voyage digital. Retrouvez ici les r\u00e9ponses aux [&hellip;]","_links":{"self":[{"href":"https:\/\/wifly.exerceetvous.fr\/index.php\/wp-json\/wp\/v2\/pages\/219","targetHints":{"allow":["GET"]}}],"collection":[{"href":"https:\/\/wifly.exerceetvous.fr\/index.php\/wp-json\/wp\/v2\/pages"}],"about":[{"href":"https:\/\/wifly.exerceetvous.fr\/index.php\/wp-json\/wp\/v2\/types\/page"}],"author":[{"embeddable":true,"href":"https:\/\/wifly.exerceetvous.fr\/index.php\/wp-json\/wp\/v2\/users\/3"}],"replies":[{"embeddable":true,"href":"https:\/\/wifly.exerceetvous.fr\/index.php\/wp-json\/wp\/v2\/comments?post=219"}],"version-history":[{"count":13,"href":"https:\/\/wifly.exerceetvous.fr\/index.php\/wp-json\/wp\/v2\/pages\/219\/revisions"}],"predecessor-version":[{"id":456,"href":"https:\/\/wifly.exerceetvous.fr\/index.php\/wp-json\/wp\/v2\/pages\/219\/revisions\/456"}],"wp:attachment":[{"href":"https:\/\/wifly.exerceetvous.fr\/index.php\/wp-json\/wp\/v2\/media?parent=219"}],"curies":[{"name":"wp","href":"https:\/\/api.w.org\/{rel}","templated":true}]}}