{"id":188,"date":"2026-04-21T10:43:43","date_gmt":"2026-04-21T08:43:43","guid":{"rendered":"https:\/\/wifly.exerceetvous.fr\/?page_id=188"},"modified":"2026-04-22T11:35:27","modified_gmt":"2026-04-22T09:35:27","slug":"mentions-legales-wi-fly","status":"publish","type":"page","link":"https:\/\/wifly.exerceetvous.fr\/index.php\/mentions-legales-wi-fly\/","title":{"rendered":"Mentions L\u00e9gales"},"content":{"rendered":"\n<h1 class=\"wp-block-heading has-text-color has-link-color wp-elements-3ce82a04c22d593ed2caad7ea25167fa\" style=\"color:#75bb4f;font-size:60px\">Mentions L\u00e9gales<\/h1>\n\n\n\n<div style=\"height:37px\" aria-hidden=\"true\" class=\"wp-block-spacer\"><\/div>\n\n\n\n<h2 class=\"wp-block-heading has-text-color has-link-color wp-elements-c097d80d58958de5a50acd4c0b797f55\" style=\"color:#74ba4ead\"><strong>1. \u00c9diteur du site<\/strong><\/h2>\n\n\n\n<p>Le pr\u00e9sent site internet, accessible \u00e0 l\u2019adresse&nbsp;<a><\/a><a>www.wifly.exerceetvous.fr<\/a>, est \u00e9dit\u00e9 par :<strong> Wi Fly<\/strong><br>Soci\u00e9t\u00e9 \u00e0 responsabilit\u00e9 limit\u00e9e (SARL)<br>Si\u00e8ge social : <br>SIRET : <br>Dirigeant : <br>T\u00e9l\u00e9phone : <\/p>\n\n\n\n<h2 class=\"wp-block-heading has-text-color has-link-color wp-elements-c15a6bd865bd3f44b401cf4787391b6c\" style=\"color:#74ba4ead\"><strong>2. H\u00e9bergement du site<\/strong><\/h2>\n\n\n\n<p>Le site est h\u00e9berg\u00e9 par :<br><strong>OVH SAS<\/strong><br>2 rue Kellermann<br>59100 Roubaix \u2013 France<br>Site internet :&nbsp;<a href=\"http:\/\/www.ovh.com\/\">www.ovh.com<\/a><\/p>\n\n\n\n<h2 class=\"wp-block-heading has-text-color has-link-color wp-elements-71c2e4ad9fc87f7ec89c3f81d01b524d\" style=\"color:#74ba4ead\"><strong>3. Propri\u00e9t\u00e9 intellectuelle<\/strong><\/h2>\n\n\n\n<p>L\u2019ensemble du contenu pr\u00e9sent sur le site\u00a0<a href=\"https:\/\/wifly.exerceetvous.fr\/\">www.wifly.exerceetvous.fr<\/a>, incluant notamment les textes, images, graphismes, logo, vid\u00e9os, ic\u00f4nes et \u00e9l\u00e9ments visuels, est la propri\u00e9t\u00e9 exclusive de l\u2019entreprise\u00a0<strong>Wi Fly<\/strong>, sauf mentions contraires. Toute reproduction, repr\u00e9sentation, modification, publication ou adaptation, totale ou partielle, des \u00e9l\u00e9ments du site, quel que soit le moyen ou le proc\u00e9d\u00e9 utilis\u00e9, est interdite sans autorisation \u00e9crite pr\u00e9alable de l\u2019entreprise Wi Fly. Toute exploitation non autoris\u00e9e du site ou de son contenu pourra faire l\u2019objet de poursuites conform\u00e9ment aux dispositions du Code de la propri\u00e9t\u00e9 intellectuelle.<\/p>\n\n\n\n<h2 class=\"wp-block-heading has-text-color has-link-color wp-elements-09b641750883c2c711d5c6a29fd191bc\" style=\"color:#74ba4ead\"><strong>4. Responsabilit\u00e9<\/strong><\/h2>\n\n\n\n<p>L\u2019entreprise\u00a0<strong>Wi Fly<\/strong>\u00a0s\u2019efforce de fournir sur le site\u00a0<a href=\"https:\/\/wifly.exerceetvous.fr\/\">www.wifly.exerceetvous.fr<\/a>\u00a0des informations aussi pr\u00e9cises que possible. Toutefois, elle ne pourra \u00eatre tenue responsable des omissions, inexactitudes ou carences dans la mise \u00e0 jour des informations. L\u2019utilisateur du site reconna\u00eet utiliser ces informations sous sa responsabilit\u00e9 exclusive. Le site peut contenir des liens vers d\u2019autres sites internet. L\u2019entreprise Wi Fly ne peut \u00eatre tenue responsable du contenu de ces sites externes.<\/p>\n\n\n\n<h2 class=\"wp-block-heading has-text-color has-link-color wp-elements-451f49ecb5203b496a466468861921ee\" style=\"color:#74ba4ead\"><strong>5. Donn\u00e9es personnelles<\/strong><\/h2>\n\n\n\n<p>Les informations \u00e9ventuellement collect\u00e9es via le site internet (formulaire de contact, inscription \u00e0 la newsletter, etc.) sont destin\u00e9es exclusivement \u00e0 l\u2019entreprise&nbsp;<strong>Wi Fly<\/strong>&nbsp;dans le cadre du traitement des demandes des utilisateurs. Conform\u00e9ment \u00e0 la r\u00e9glementation en vigueur relative \u00e0 la protection des donn\u00e9es personnelles, chaque utilisateur dispose d\u2019un droit d\u2019acc\u00e8s, de rectification et de suppression des donn\u00e9es le concernant. Toute demande peut \u00eatre adress\u00e9e \u00e0 l\u2019entreprise Wi Fly par t\u00e9l\u00e9phone ou par courrier \u00e0 l\u2019adresse du si\u00e8ge social.<\/p>\n\n\n\n<h2 class=\"wp-block-heading has-text-color has-link-color wp-elements-72a846170949f6cc4ec8a8f23ef41caa\" style=\"color:#74ba4ead\"><strong>6. Cookies<\/strong><\/h2>\n\n\n\n<p>Le site&nbsp;<a>www.wifly.exerceetvous.fr<\/a>&nbsp;peut \u00eatre amen\u00e9 \u00e0 utiliser des cookies afin d\u2019am\u00e9liorer l\u2019exp\u00e9rience de navigation et de r\u00e9aliser des statistiques de fr\u00e9quentation. L\u2019utilisateur peut \u00e0 tout moment configurer son navigateur afin de refuser l\u2019installation de cookies.<\/p>\n\n\n\n<p><\/p>\n","protected":false},"excerpt":{"rendered":"<p>Mentions L\u00e9gales 1. \u00c9diteur du site Le pr\u00e9sent site internet, accessible \u00e0 l\u2019adresse&nbsp;www.wifly.exerceetvous.fr, est \u00e9dit\u00e9 par : Wi FlySoci\u00e9t\u00e9 \u00e0 [&hellip;]<\/p>\n","protected":false},"author":2,"featured_media":0,"parent":0,"menu_order":0,"comment_status":"closed","ping_status":"closed","template":"","meta":{"_uag_custom_page_level_css":"","site-sidebar-layout":"default","site-content-layout":"","ast-site-content-layout":"default","site-content-style":"default","site-sidebar-style":"default","ast-global-header-display":"","ast-banner-title-visibility":"","ast-main-header-display":"","ast-hfb-above-header-display":"","ast-hfb-below-header-display":"","ast-hfb-mobile-header-display":"","site-post-title":"disabled","ast-breadcrumbs-content":"","ast-featured-img":"","footer-sml-layout":"","ast-disable-related-posts":"","theme-transparent-header-meta":"","adv-header-id-meta":"","stick-header-meta":"","header-above-stick-meta":"","header-main-stick-meta":"","header-below-stick-meta":"","astra-migrate-meta-layouts":"default","ast-page-background-enabled":"default","ast-page-background-meta":{"desktop":{"background-color":"var(--ast-global-color-5)","background-image":"","background-repeat":"repeat","background-position":"center center","background-size":"auto","background-attachment":"scroll","background-type":"","background-media":"","overlay-type":"","overlay-color":"","overlay-opacity":"","overlay-gradient":""},"tablet":{"background-color":"","background-image":"","background-repeat":"repeat","background-position":"center center","background-size":"auto","background-attachment":"scroll","background-type":"","background-media":"","overlay-type":"","overlay-color":"","overlay-opacity":"","overlay-gradient":""},"mobile":{"background-color":"","background-image":"","background-repeat":"repeat","background-position":"center center","background-size":"auto","background-attachment":"scroll","background-type":"","background-media":"","overlay-type":"","overlay-color":"","overlay-opacity":"","overlay-gradient":""}},"ast-content-background-meta":{"desktop":{"background-color":"var(--ast-global-color-4)","background-image":"","background-repeat":"repeat","background-position":"center center","background-size":"auto","background-attachment":"scroll","background-type":"","background-media":"","overlay-type":"","overlay-color":"","overlay-opacity":"","overlay-gradient":""},"tablet":{"background-color":"var(--ast-global-color-4)","background-image":"","background-repeat":"repeat","background-position":"center center","background-size":"auto","background-attachment":"scroll","background-type":"","background-media":"","overlay-type":"","overlay-color":"","overlay-opacity":"","overlay-gradient":""},"mobile":{"background-color":"var(--ast-global-color-4)","background-image":"","background-repeat":"repeat","background-position":"center center","background-size":"auto","background-attachment":"scroll","background-type":"","background-media":"","overlay-type":"","overlay-color":"","overlay-opacity":"","overlay-gradient":""}},"footnotes":""},"class_list":["post-188","page","type-page","status-publish","hentry"],"yoast_head":"<!-- This site is optimized with the Yoast SEO plugin v27.5 - https:\/\/yoast.com\/product\/yoast-seo-wordpress\/ -->\n<title>Mentions l\u00e9gales - Wi Fly<\/title>\n<meta name=\"description\" content=\"Mentions l\u00e9gales de Wi Fly : d\u00e9couvrez les informations sur l\u2019\u00e9diteur, l\u2019h\u00e9bergement et l\u2019utilisation du site web.\" \/>\n<meta name=\"robots\" content=\"index, follow, max-snippet:-1, max-image-preview:large, max-video-preview:-1\" \/>\n<link rel=\"canonical\" href=\"https:\/\/wifly.exerceetvous.fr\/index.php\/mentions-legales-wi-fly\/\" \/>\n<meta property=\"og:locale\" content=\"fr_FR\" \/>\n<meta property=\"og:type\" content=\"article\" \/>\n<meta property=\"og:title\" content=\"Mentions l\u00e9gales - Wi Fly\" \/>\n<meta property=\"og:description\" content=\"Mentions l\u00e9gales de Wi Fly : d\u00e9couvrez les informations sur l\u2019\u00e9diteur, l\u2019h\u00e9bergement et l\u2019utilisation du site web.\" \/>\n<meta property=\"og:url\" content=\"https:\/\/wifly.exerceetvous.fr\/index.php\/mentions-legales-wi-fly\/\" \/>\n<meta property=\"article:modified_time\" content=\"2026-04-22T09:35:27+00:00\" \/>\n<meta name=\"twitter:card\" content=\"summary_large_image\" \/>\n<meta name=\"twitter:label1\" content=\"Dur\u00e9e de lecture estim\u00e9e\" \/>\n\t<meta name=\"twitter:data1\" content=\"2 minutes\" \/>\n<script type=\"application\/ld+json\" class=\"yoast-schema-graph\">{\"@context\":\"https:\\\/\\\/schema.org\",\"@graph\":[{\"@type\":\"WebPage\",\"@id\":\"https:\\\/\\\/wifly.exerceetvous.fr\\\/index.php\\\/mentions-legales-wi-fly\\\/\",\"url\":\"https:\\\/\\\/wifly.exerceetvous.fr\\\/index.php\\\/mentions-legales-wi-fly\\\/\",\"name\":\"Mentions l\u00e9gales - Wi Fly\",\"isPartOf\":{\"@id\":\"https:\\\/\\\/wifly.exerceetvous.fr\\\/#website\"},\"datePublished\":\"2026-04-21T08:43:43+00:00\",\"dateModified\":\"2026-04-22T09:35:27+00:00\",\"description\":\"Mentions l\u00e9gales de Wi Fly : d\u00e9couvrez les informations sur l\u2019\u00e9diteur, l\u2019h\u00e9bergement et l\u2019utilisation du site web.\",\"breadcrumb\":{\"@id\":\"https:\\\/\\\/wifly.exerceetvous.fr\\\/index.php\\\/mentions-legales-wi-fly\\\/#breadcrumb\"},\"inLanguage\":\"fr-FR\",\"potentialAction\":[{\"@type\":\"ReadAction\",\"target\":[\"https:\\\/\\\/wifly.exerceetvous.fr\\\/index.php\\\/mentions-legales-wi-fly\\\/\"]}]},{\"@type\":\"BreadcrumbList\",\"@id\":\"https:\\\/\\\/wifly.exerceetvous.fr\\\/index.php\\\/mentions-legales-wi-fly\\\/#breadcrumb\",\"itemListElement\":[{\"@type\":\"ListItem\",\"position\":1,\"name\":\"Accueil\",\"item\":\"https:\\\/\\\/wifly.exerceetvous.fr\\\/\"},{\"@type\":\"ListItem\",\"position\":2,\"name\":\"Mentions L\u00e9gales\"}]},{\"@type\":\"WebSite\",\"@id\":\"https:\\\/\\\/wifly.exerceetvous.fr\\\/#website\",\"url\":\"https:\\\/\\\/wifly.exerceetvous.fr\\\/\",\"name\":\"\",\"description\":\"Cliquez * Explorez * Voyagez\",\"potentialAction\":[{\"@type\":\"SearchAction\",\"target\":{\"@type\":\"EntryPoint\",\"urlTemplate\":\"https:\\\/\\\/wifly.exerceetvous.fr\\\/?s={search_term_string}\"},\"query-input\":{\"@type\":\"PropertyValueSpecification\",\"valueRequired\":true,\"valueName\":\"search_term_string\"}}],\"inLanguage\":\"fr-FR\"}]}<\/script>\n<!-- \/ Yoast SEO plugin. -->","yoast_head_json":{"title":"Mentions l\u00e9gales - Wi Fly","description":"Mentions l\u00e9gales de Wi Fly : d\u00e9couvrez les informations sur l\u2019\u00e9diteur, l\u2019h\u00e9bergement et l\u2019utilisation du site web.","robots":{"index":"index","follow":"follow","max-snippet":"max-snippet:-1","max-image-preview":"max-image-preview:large","max-video-preview":"max-video-preview:-1"},"canonical":"https:\/\/wifly.exerceetvous.fr\/index.php\/mentions-legales-wi-fly\/","og_locale":"fr_FR","og_type":"article","og_title":"Mentions l\u00e9gales - Wi Fly","og_description":"Mentions l\u00e9gales de Wi Fly : d\u00e9couvrez les informations sur l\u2019\u00e9diteur, l\u2019h\u00e9bergement et l\u2019utilisation du site web.","og_url":"https:\/\/wifly.exerceetvous.fr\/index.php\/mentions-legales-wi-fly\/","article_modified_time":"2026-04-22T09:35:27+00:00","twitter_card":"summary_large_image","twitter_misc":{"Dur\u00e9e de lecture estim\u00e9e":"2 minutes"},"schema":{"@context":"https:\/\/schema.org","@graph":[{"@type":"WebPage","@id":"https:\/\/wifly.exerceetvous.fr\/index.php\/mentions-legales-wi-fly\/","url":"https:\/\/wifly.exerceetvous.fr\/index.php\/mentions-legales-wi-fly\/","name":"Mentions l\u00e9gales - Wi Fly","isPartOf":{"@id":"https:\/\/wifly.exerceetvous.fr\/#website"},"datePublished":"2026-04-21T08:43:43+00:00","dateModified":"2026-04-22T09:35:27+00:00","description":"Mentions l\u00e9gales de Wi Fly : d\u00e9couvrez les informations sur l\u2019\u00e9diteur, l\u2019h\u00e9bergement et l\u2019utilisation du site web.","breadcrumb":{"@id":"https:\/\/wifly.exerceetvous.fr\/index.php\/mentions-legales-wi-fly\/#breadcrumb"},"inLanguage":"fr-FR","potentialAction":[{"@type":"ReadAction","target":["https:\/\/wifly.exerceetvous.fr\/index.php\/mentions-legales-wi-fly\/"]}]},{"@type":"BreadcrumbList","@id":"https:\/\/wifly.exerceetvous.fr\/index.php\/mentions-legales-wi-fly\/#breadcrumb","itemListElement":[{"@type":"ListItem","position":1,"name":"Accueil","item":"https:\/\/wifly.exerceetvous.fr\/"},{"@type":"ListItem","position":2,"name":"Mentions L\u00e9gales"}]},{"@type":"WebSite","@id":"https:\/\/wifly.exerceetvous.fr\/#website","url":"https:\/\/wifly.exerceetvous.fr\/","name":"","description":"Cliquez * Explorez * Voyagez","potentialAction":[{"@type":"SearchAction","target":{"@type":"EntryPoint","urlTemplate":"https:\/\/wifly.exerceetvous.fr\/?s={search_term_string}"},"query-input":{"@type":"PropertyValueSpecification","valueRequired":true,"valueName":"search_term_string"}}],"inLanguage":"fr-FR"}]}},"uagb_featured_image_src":{"full":false,"thumbnail":false,"medium":false,"medium_large":false,"large":false,"1536x1536":false,"2048x2048":false},"uagb_author_info":{"display_name":"Orianne Riviere-barret","author_link":"https:\/\/wifly.exerceetvous.fr\/index.php\/author\/orianne\/"},"uagb_comment_info":0,"uagb_excerpt":"Mentions L\u00e9gales 1. \u00c9diteur du site Le pr\u00e9sent site internet, accessible \u00e0 l\u2019adresse&nbsp;www.wifly.exerceetvous.fr, est \u00e9dit\u00e9 par : Wi FlySoci\u00e9t\u00e9 \u00e0 [&hellip;]","_links":{"self":[{"href":"https:\/\/wifly.exerceetvous.fr\/index.php\/wp-json\/wp\/v2\/pages\/188","targetHints":{"allow":["GET"]}}],"collection":[{"href":"https:\/\/wifly.exerceetvous.fr\/index.php\/wp-json\/wp\/v2\/pages"}],"about":[{"href":"https:\/\/wifly.exerceetvous.fr\/index.php\/wp-json\/wp\/v2\/types\/page"}],"author":[{"embeddable":true,"href":"https:\/\/wifly.exerceetvous.fr\/index.php\/wp-json\/wp\/v2\/users\/2"}],"replies":[{"embeddable":true,"href":"https:\/\/wifly.exerceetvous.fr\/index.php\/wp-json\/wp\/v2\/comments?post=188"}],"version-history":[{"count":4,"href":"https:\/\/wifly.exerceetvous.fr\/index.php\/wp-json\/wp\/v2\/pages\/188\/revisions"}],"predecessor-version":[{"id":259,"href":"https:\/\/wifly.exerceetvous.fr\/index.php\/wp-json\/wp\/v2\/pages\/188\/revisions\/259"}],"wp:attachment":[{"href":"https:\/\/wifly.exerceetvous.fr\/index.php\/wp-json\/wp\/v2\/media?parent=188"}],"curies":[{"name":"wp","href":"https:\/\/api.w.org\/{rel}","templated":true}]}}