{"id":177,"date":"2026-04-21T10:23:37","date_gmt":"2026-04-21T08:23:37","guid":{"rendered":"https:\/\/wifly.exerceetvous.fr\/?page_id=177"},"modified":"2026-04-22T11:20:47","modified_gmt":"2026-04-22T09:20:47","slug":"politiques-de-confidentialite","status":"publish","type":"page","link":"https:\/\/wifly.exerceetvous.fr\/index.php\/politiques-de-confidentialite\/","title":{"rendered":"Politique de confidentialit\u00e9"},"content":{"rendered":"\n<h1 class=\"wp-block-heading has-text-color has-link-color wp-elements-0faf05345bb1a6c03ada1b6c6ec78675\" style=\"color:#f68442;font-size:60px\">Politique de confidentialit\u00e9<\/h1>\n\n\n\n<div style=\"height:40px\" aria-hidden=\"true\" class=\"wp-block-spacer\"><\/div>\n\n\n\n<h3 class=\"wp-block-heading has-text-color has-link-color wp-elements-6be4eaf231f53c9a7f2e5e56998f09cb\" style=\"color:#fbd062\"><strong>1. Introduction \u00e0 la politique de confidentialit\u00e9<\/strong><\/h3>\n\n\n\n<p>La soci\u00e9t\u00e9\u00a0<strong><a href=\"https:\/\/wifly.exerceetvous.fr\/\">Wi Fly<\/a><\/strong>\u00a0accorde une grande importance \u00e0 la protection de vos donn\u00e9es personnelles. La pr\u00e9sente politique de confidentialit\u00e9 a pour objectif de vous informer sur la mani\u00e8re dont nous collectons, utilisons et prot\u00e9geons vos informations, conform\u00e9ment au R\u00e8glement G\u00e9n\u00e9ral sur la Protection des Donn\u00e9es (RGPD) et \u00e0 la l\u00e9gislation fran\u00e7aise en vigueur.<\/p>\n\n\n\n<h3 class=\"wp-block-heading has-text-color has-link-color wp-elements-d40fdc64b5e69e0b05fc5be859b5f863\" style=\"color:#fbd062\"><strong>2. Les donn\u00e9es collect\u00e9es<\/strong><\/h3>\n\n\n\n<p>Nous collectons uniquement les informations n\u00e9cessaires au traitement de vos demandes et \u00e0 la bonne gestion de nos relations. Les donn\u00e9es susceptibles d\u2019\u00eatre recueillies via nos formulaires sont notamment :<\/p>\n\n\n\n<ul class=\"wp-block-list\">\n<li>Nom et pr\u00e9nom<\/li>\n\n\n\n<li>Adresse e-mail<\/li>\n\n\n\n<li>Num\u00e9ro de t\u00e9l\u00e9phone<\/li>\n\n\n\n<li>Ville d\u2019habitation<\/li>\n\n\n\n<li>Message ou informations relatives \u00e0 votre demande<\/li>\n<\/ul>\n\n\n\n<p>Aucune donn\u00e9e sensible n\u2019est collect\u00e9e.<\/p>\n\n\n\n<h3 class=\"wp-block-heading has-text-color has-link-color wp-elements-39b4d31fb335d5aefc89e874af7fa076\" style=\"color:#fbd062\"><strong>3. Les finalit\u00e9s du traitement<\/strong><\/h3>\n\n\n\n<p>Les informations recueillies sont utilis\u00e9es pour :<\/p>\n\n\n\n<ul class=\"wp-block-list\">\n<li>R\u00e9pondre \u00e0 vos demandes de contact ou d\u2019informations<\/li>\n\n\n\n<li>Assurer le suivi des \u00e9changes<\/li>\n\n\n\n<li>Vous informer sur nos contenus et actualit\u00e9s si vous en avez fait la demande explicite<\/li>\n<\/ul>\n\n\n\n<p>Vos donn\u00e9es ne sont jamais revendues \u00e0 des tiers.<\/p>\n\n\n\n<h3 class=\"wp-block-heading has-text-color has-link-color wp-elements-5ecf3588aa62404d80bad531c16b4b62\" style=\"color:#fbd062\"><strong>4. Destinataire des donn\u00e9es<\/strong><\/h3>\n\n\n\n<p>Les donn\u00e9es sont exclusivement destin\u00e9es \u00e0 l\u2019\u00e9quipe de&nbsp;<strong>Wi Fly<\/strong>&nbsp;charg\u00e9e du traitement des demandes.<br>Elles peuvent \u00eatre transmises \u00e0 des prestataires techniques uniquement lorsque cela est n\u00e9cessaire au bon fonctionnement du site (h\u00e9bergement, maintenance, etc.), dans le respect de la confidentialit\u00e9.<\/p>\n\n\n\n<h3 class=\"wp-block-heading has-text-color has-link-color wp-elements-17c35ae58fe5dff7725e6d5b91a22eea\" style=\"color:#fbd062\"><strong>5. Dur\u00e9e de conservation<\/strong><\/h3>\n\n\n\n<p>Les donn\u00e9es personnelles sont conserv\u00e9es :<\/p>\n\n\n\n<ul class=\"wp-block-list\">\n<li>Pour une dur\u00e9e maximale de 3 ans \u00e0 compter du dernier contact \u00e9manant de votre part<\/li>\n\n\n\n<li>Ou pendant la dur\u00e9e de la relation, si celle-ci se poursuit<\/li>\n<\/ul>\n\n\n\n<p>Pass\u00e9 ce d\u00e9lai, elles sont supprim\u00e9es ou anonymis\u00e9es.<\/p>\n\n\n\n<h3 class=\"wp-block-heading has-text-color has-link-color wp-elements-7bb264e5386d308e94f0fba0be86884c\" style=\"color:#fbd062\"><strong>6. Vos droits<\/strong><\/h3>\n\n\n\n<p>Conform\u00e9ment \u00e0 la r\u00e9glementation en vigueur, vous disposez des droits suivants :<\/p>\n\n\n\n<ul class=\"wp-block-list\">\n<li>Droit d\u2019acc\u00e8s \u00e0 vos donn\u00e9es<\/li>\n\n\n\n<li>Droit de rectification ou de mise \u00e0 jour<\/li>\n\n\n\n<li>Droit d\u2019opposition et de suppression<\/li>\n\n\n\n<li>Droit \u00e0 la limitation du traitement<\/li>\n\n\n\n<li>Droit \u00e0 la portabilit\u00e9 des donn\u00e9es<\/li>\n<\/ul>\n\n\n\n<p>Pour exercer ces droits, vous pouvez nous contacter \u00e0 :<br><br>ou par courrier \u00e0 l\u2019adresse suivante :<br><em>74G Rue de Paris &#8211; 35000 Rennes <\/em><\/p>\n\n\n\n<h3 class=\"wp-block-heading has-text-color has-link-color wp-elements-008d58a25f3b8e74c9946a8ada6ceacb\" style=\"color:#fbd062\"><strong>7. S\u00e9curit\u00e9 des donn\u00e9es<\/strong><\/h3>\n\n\n\n<p>Nous mettons en \u0153uvre toutes les mesures techniques et organisationnelles n\u00e9cessaires pour garantir la s\u00e9curit\u00e9 et la confidentialit\u00e9 de vos informations personnelles, et \u00e9viter toute perte, alt\u00e9ration ou acc\u00e8s non autoris\u00e9.<\/p>\n\n\n\n<h3 class=\"wp-block-heading has-text-color has-link-color wp-elements-d8a94be200782732fd8d8b0a688735c9\" style=\"color:#fbd062\">8. <strong>Modifications<\/strong><\/h3>\n\n\n\n<p>La pr\u00e9sente politique peut \u00eatre amen\u00e9e \u00e0 \u00e9voluer. Toute mise \u00e0 jour sera publi\u00e9e sur cette page, accompagn\u00e9e de la date de r\u00e9vision.<\/p>\n\n\n\n<p><strong>Derni\u00e8re mise \u00e0 jour : avril 2026<\/strong><\/p>\n\n\n\n<figure class=\"wp-block-image aligncenter size-full is-resized\"><img loading=\"lazy\" decoding=\"async\" width=\"512\" height=\"512\" src=\"https:\/\/wifly.exerceetvous.fr\/wp-content\/uploads\/2026\/04\/cropped-WI-1.png\" alt=\"Blog d\u2019actualit\u00e9 digitale autour du voyage\" class=\"wp-image-27\" style=\"width:147px;height:auto\" srcset=\"https:\/\/wifly.exerceetvous.fr\/wp-content\/uploads\/2026\/04\/cropped-WI-1.png 512w, https:\/\/wifly.exerceetvous.fr\/wp-content\/uploads\/2026\/04\/cropped-WI-1-300x300.png 300w, https:\/\/wifly.exerceetvous.fr\/wp-content\/uploads\/2026\/04\/cropped-WI-1-150x150.png 150w, https:\/\/wifly.exerceetvous.fr\/wp-content\/uploads\/2026\/04\/cropped-WI-1-270x270.png 270w, https:\/\/wifly.exerceetvous.fr\/wp-content\/uploads\/2026\/04\/cropped-WI-1-192x192.png 192w, https:\/\/wifly.exerceetvous.fr\/wp-content\/uploads\/2026\/04\/cropped-WI-1-180x180.png 180w, https:\/\/wifly.exerceetvous.fr\/wp-content\/uploads\/2026\/04\/cropped-WI-1-32x32.png 32w\" sizes=\"auto, (max-width: 512px) 100vw, 512px\" \/><\/figure>\n\n\n\n<p class=\"has-ast-global-color-4-color has-text-color has-link-color wp-elements-04c0b4adc91b70215c91d8fba2f95a21\">Politique de confidentialit\u00e9 <\/p>\n\n\n\n<p><\/p>\n","protected":false},"excerpt":{"rendered":"<p>Politique de confidentialit\u00e9 1. Introduction \u00e0 la politique de confidentialit\u00e9 La soci\u00e9t\u00e9\u00a0Wi Fly\u00a0accorde une grande importance \u00e0 la protection de [&hellip;]<\/p>\n","protected":false},"author":2,"featured_media":0,"parent":0,"menu_order":0,"comment_status":"closed","ping_status":"closed","template":"","meta":{"_uag_custom_page_level_css":"","site-sidebar-layout":"default","site-content-layout":"","ast-site-content-layout":"default","site-content-style":"default","site-sidebar-style":"default","ast-global-header-display":"","ast-banner-title-visibility":"","ast-main-header-display":"","ast-hfb-above-header-display":"","ast-hfb-below-header-display":"","ast-hfb-mobile-header-display":"","site-post-title":"disabled","ast-breadcrumbs-content":"","ast-featured-img":"","footer-sml-layout":"","ast-disable-related-posts":"","theme-transparent-header-meta":"","adv-header-id-meta":"","stick-header-meta":"","header-above-stick-meta":"","header-main-stick-meta":"","header-below-stick-meta":"","astra-migrate-meta-layouts":"default","ast-page-background-enabled":"default","ast-page-background-meta":{"desktop":{"background-color":"var(--ast-global-color-5)","background-image":"","background-repeat":"repeat","background-position":"center center","background-size":"auto","background-attachment":"scroll","background-type":"","background-media":"","overlay-type":"","overlay-color":"","overlay-opacity":"","overlay-gradient":""},"tablet":{"background-color":"","background-image":"","background-repeat":"repeat","background-position":"center center","background-size":"auto","background-attachment":"scroll","background-type":"","background-media":"","overlay-type":"","overlay-color":"","overlay-opacity":"","overlay-gradient":""},"mobile":{"background-color":"","background-image":"","background-repeat":"repeat","background-position":"center center","background-size":"auto","background-attachment":"scroll","background-type":"","background-media":"","overlay-type":"","overlay-color":"","overlay-opacity":"","overlay-gradient":""}},"ast-content-background-meta":{"desktop":{"background-color":"var(--ast-global-color-4)","background-image":"","background-repeat":"repeat","background-position":"center center","background-size":"auto","background-attachment":"scroll","background-type":"","background-media":"","overlay-type":"","overlay-color":"","overlay-opacity":"","overlay-gradient":""},"tablet":{"background-color":"var(--ast-global-color-4)","background-image":"","background-repeat":"repeat","background-position":"center center","background-size":"auto","background-attachment":"scroll","background-type":"","background-media":"","overlay-type":"","overlay-color":"","overlay-opacity":"","overlay-gradient":""},"mobile":{"background-color":"var(--ast-global-color-4)","background-image":"","background-repeat":"repeat","background-position":"center center","background-size":"auto","background-attachment":"scroll","background-type":"","background-media":"","overlay-type":"","overlay-color":"","overlay-opacity":"","overlay-gradient":""}},"footnotes":""},"class_list":["post-177","page","type-page","status-publish","hentry"],"yoast_head":"<!-- This site is optimized with the Yoast SEO plugin v27.5 - https:\/\/yoast.com\/product\/yoast-seo-wordpress\/ -->\n<title>Politique de confidentialit\u00e9 - Wi Fly<\/title>\n<meta name=\"description\" content=\"Politique de confidentialit\u00e9 de Wi Fly : d\u00e9couvrez comment vos donn\u00e9es sont collect\u00e9es et prot\u00e9g\u00e9es sur notre blog digital du voyage.\" \/>\n<meta name=\"robots\" content=\"index, follow, max-snippet:-1, max-image-preview:large, max-video-preview:-1\" \/>\n<link rel=\"canonical\" href=\"https:\/\/wifly.exerceetvous.fr\/index.php\/politiques-de-confidentialite\/\" \/>\n<meta property=\"og:locale\" content=\"fr_FR\" \/>\n<meta property=\"og:type\" content=\"article\" \/>\n<meta property=\"og:title\" content=\"Politique de confidentialit\u00e9 - Wi Fly\" \/>\n<meta property=\"og:description\" content=\"Politique de confidentialit\u00e9 de Wi Fly : d\u00e9couvrez comment vos donn\u00e9es sont collect\u00e9es et prot\u00e9g\u00e9es sur notre blog digital du voyage.\" \/>\n<meta property=\"og:url\" content=\"https:\/\/wifly.exerceetvous.fr\/index.php\/politiques-de-confidentialite\/\" \/>\n<meta property=\"article:modified_time\" content=\"2026-04-22T09:20:47+00:00\" \/>\n<meta property=\"og:image\" content=\"http:\/\/wifly.exerceetvous.fr\/wp-content\/uploads\/2026\/04\/cropped-WI-1.png\" \/>\n<meta name=\"twitter:card\" content=\"summary_large_image\" \/>\n<meta name=\"twitter:label1\" content=\"Dur\u00e9e de lecture estim\u00e9e\" \/>\n\t<meta name=\"twitter:data1\" content=\"3 minutes\" \/>\n<script type=\"application\/ld+json\" class=\"yoast-schema-graph\">{\"@context\":\"https:\\\/\\\/schema.org\",\"@graph\":[{\"@type\":\"WebPage\",\"@id\":\"https:\\\/\\\/wifly.exerceetvous.fr\\\/index.php\\\/politiques-de-confidentialite\\\/\",\"url\":\"https:\\\/\\\/wifly.exerceetvous.fr\\\/index.php\\\/politiques-de-confidentialite\\\/\",\"name\":\"Politique de confidentialit\u00e9 - Wi Fly\",\"isPartOf\":{\"@id\":\"https:\\\/\\\/wifly.exerceetvous.fr\\\/#website\"},\"primaryImageOfPage\":{\"@id\":\"https:\\\/\\\/wifly.exerceetvous.fr\\\/index.php\\\/politiques-de-confidentialite\\\/#primaryimage\"},\"image\":{\"@id\":\"https:\\\/\\\/wifly.exerceetvous.fr\\\/index.php\\\/politiques-de-confidentialite\\\/#primaryimage\"},\"thumbnailUrl\":\"http:\\\/\\\/wifly.exerceetvous.fr\\\/wp-content\\\/uploads\\\/2026\\\/04\\\/cropped-WI-1.png\",\"datePublished\":\"2026-04-21T08:23:37+00:00\",\"dateModified\":\"2026-04-22T09:20:47+00:00\",\"description\":\"Politique de confidentialit\u00e9 de Wi Fly : d\u00e9couvrez comment vos donn\u00e9es sont collect\u00e9es et prot\u00e9g\u00e9es sur notre blog digital du voyage.\",\"breadcrumb\":{\"@id\":\"https:\\\/\\\/wifly.exerceetvous.fr\\\/index.php\\\/politiques-de-confidentialite\\\/#breadcrumb\"},\"inLanguage\":\"fr-FR\",\"potentialAction\":[{\"@type\":\"ReadAction\",\"target\":[\"https:\\\/\\\/wifly.exerceetvous.fr\\\/index.php\\\/politiques-de-confidentialite\\\/\"]}]},{\"@type\":\"ImageObject\",\"inLanguage\":\"fr-FR\",\"@id\":\"https:\\\/\\\/wifly.exerceetvous.fr\\\/index.php\\\/politiques-de-confidentialite\\\/#primaryimage\",\"url\":\"https:\\\/\\\/wifly.exerceetvous.fr\\\/wp-content\\\/uploads\\\/2026\\\/04\\\/cropped-WI-1.png\",\"contentUrl\":\"https:\\\/\\\/wifly.exerceetvous.fr\\\/wp-content\\\/uploads\\\/2026\\\/04\\\/cropped-WI-1.png\",\"width\":512,\"height\":512,\"caption\":\"Blog d\u2019actualit\u00e9 digitale autour du voyage\"},{\"@type\":\"BreadcrumbList\",\"@id\":\"https:\\\/\\\/wifly.exerceetvous.fr\\\/index.php\\\/politiques-de-confidentialite\\\/#breadcrumb\",\"itemListElement\":[{\"@type\":\"ListItem\",\"position\":1,\"name\":\"Accueil\",\"item\":\"https:\\\/\\\/wifly.exerceetvous.fr\\\/\"},{\"@type\":\"ListItem\",\"position\":2,\"name\":\"Politique de confidentialit\u00e9\"}]},{\"@type\":\"WebSite\",\"@id\":\"https:\\\/\\\/wifly.exerceetvous.fr\\\/#website\",\"url\":\"https:\\\/\\\/wifly.exerceetvous.fr\\\/\",\"name\":\"\",\"description\":\"Cliquez * Explorez * Voyagez\",\"potentialAction\":[{\"@type\":\"SearchAction\",\"target\":{\"@type\":\"EntryPoint\",\"urlTemplate\":\"https:\\\/\\\/wifly.exerceetvous.fr\\\/?s={search_term_string}\"},\"query-input\":{\"@type\":\"PropertyValueSpecification\",\"valueRequired\":true,\"valueName\":\"search_term_string\"}}],\"inLanguage\":\"fr-FR\"}]}<\/script>\n<!-- \/ Yoast SEO plugin. -->","yoast_head_json":{"title":"Politique de confidentialit\u00e9 - Wi Fly","description":"Politique de confidentialit\u00e9 de Wi Fly : d\u00e9couvrez comment vos donn\u00e9es sont collect\u00e9es et prot\u00e9g\u00e9es sur notre blog digital du voyage.","robots":{"index":"index","follow":"follow","max-snippet":"max-snippet:-1","max-image-preview":"max-image-preview:large","max-video-preview":"max-video-preview:-1"},"canonical":"https:\/\/wifly.exerceetvous.fr\/index.php\/politiques-de-confidentialite\/","og_locale":"fr_FR","og_type":"article","og_title":"Politique de confidentialit\u00e9 - Wi Fly","og_description":"Politique de confidentialit\u00e9 de Wi Fly : d\u00e9couvrez comment vos donn\u00e9es sont collect\u00e9es et prot\u00e9g\u00e9es sur notre blog digital du voyage.","og_url":"https:\/\/wifly.exerceetvous.fr\/index.php\/politiques-de-confidentialite\/","article_modified_time":"2026-04-22T09:20:47+00:00","og_image":[{"url":"http:\/\/wifly.exerceetvous.fr\/wp-content\/uploads\/2026\/04\/cropped-WI-1.png","type":"","width":"","height":""}],"twitter_card":"summary_large_image","twitter_misc":{"Dur\u00e9e de lecture estim\u00e9e":"3 minutes"},"schema":{"@context":"https:\/\/schema.org","@graph":[{"@type":"WebPage","@id":"https:\/\/wifly.exerceetvous.fr\/index.php\/politiques-de-confidentialite\/","url":"https:\/\/wifly.exerceetvous.fr\/index.php\/politiques-de-confidentialite\/","name":"Politique de confidentialit\u00e9 - Wi Fly","isPartOf":{"@id":"https:\/\/wifly.exerceetvous.fr\/#website"},"primaryImageOfPage":{"@id":"https:\/\/wifly.exerceetvous.fr\/index.php\/politiques-de-confidentialite\/#primaryimage"},"image":{"@id":"https:\/\/wifly.exerceetvous.fr\/index.php\/politiques-de-confidentialite\/#primaryimage"},"thumbnailUrl":"http:\/\/wifly.exerceetvous.fr\/wp-content\/uploads\/2026\/04\/cropped-WI-1.png","datePublished":"2026-04-21T08:23:37+00:00","dateModified":"2026-04-22T09:20:47+00:00","description":"Politique de confidentialit\u00e9 de Wi Fly : d\u00e9couvrez comment vos donn\u00e9es sont collect\u00e9es et prot\u00e9g\u00e9es sur notre blog digital du voyage.","breadcrumb":{"@id":"https:\/\/wifly.exerceetvous.fr\/index.php\/politiques-de-confidentialite\/#breadcrumb"},"inLanguage":"fr-FR","potentialAction":[{"@type":"ReadAction","target":["https:\/\/wifly.exerceetvous.fr\/index.php\/politiques-de-confidentialite\/"]}]},{"@type":"ImageObject","inLanguage":"fr-FR","@id":"https:\/\/wifly.exerceetvous.fr\/index.php\/politiques-de-confidentialite\/#primaryimage","url":"https:\/\/wifly.exerceetvous.fr\/wp-content\/uploads\/2026\/04\/cropped-WI-1.png","contentUrl":"https:\/\/wifly.exerceetvous.fr\/wp-content\/uploads\/2026\/04\/cropped-WI-1.png","width":512,"height":512,"caption":"Blog d\u2019actualit\u00e9 digitale autour du voyage"},{"@type":"BreadcrumbList","@id":"https:\/\/wifly.exerceetvous.fr\/index.php\/politiques-de-confidentialite\/#breadcrumb","itemListElement":[{"@type":"ListItem","position":1,"name":"Accueil","item":"https:\/\/wifly.exerceetvous.fr\/"},{"@type":"ListItem","position":2,"name":"Politique de confidentialit\u00e9"}]},{"@type":"WebSite","@id":"https:\/\/wifly.exerceetvous.fr\/#website","url":"https:\/\/wifly.exerceetvous.fr\/","name":"","description":"Cliquez * Explorez * Voyagez","potentialAction":[{"@type":"SearchAction","target":{"@type":"EntryPoint","urlTemplate":"https:\/\/wifly.exerceetvous.fr\/?s={search_term_string}"},"query-input":{"@type":"PropertyValueSpecification","valueRequired":true,"valueName":"search_term_string"}}],"inLanguage":"fr-FR"}]}},"uagb_featured_image_src":{"full":false,"thumbnail":false,"medium":false,"medium_large":false,"large":false,"1536x1536":false,"2048x2048":false},"uagb_author_info":{"display_name":"Orianne Riviere-barret","author_link":"https:\/\/wifly.exerceetvous.fr\/index.php\/author\/orianne\/"},"uagb_comment_info":0,"uagb_excerpt":"Politique de confidentialit\u00e9 1. Introduction \u00e0 la politique de confidentialit\u00e9 La soci\u00e9t\u00e9\u00a0Wi Fly\u00a0accorde une grande importance \u00e0 la protection de [&hellip;]","_links":{"self":[{"href":"https:\/\/wifly.exerceetvous.fr\/index.php\/wp-json\/wp\/v2\/pages\/177","targetHints":{"allow":["GET"]}}],"collection":[{"href":"https:\/\/wifly.exerceetvous.fr\/index.php\/wp-json\/wp\/v2\/pages"}],"about":[{"href":"https:\/\/wifly.exerceetvous.fr\/index.php\/wp-json\/wp\/v2\/types\/page"}],"author":[{"embeddable":true,"href":"https:\/\/wifly.exerceetvous.fr\/index.php\/wp-json\/wp\/v2\/users\/2"}],"replies":[{"embeddable":true,"href":"https:\/\/wifly.exerceetvous.fr\/index.php\/wp-json\/wp\/v2\/comments?post=177"}],"version-history":[{"count":4,"href":"https:\/\/wifly.exerceetvous.fr\/index.php\/wp-json\/wp\/v2\/pages\/177\/revisions"}],"predecessor-version":[{"id":250,"href":"https:\/\/wifly.exerceetvous.fr\/index.php\/wp-json\/wp\/v2\/pages\/177\/revisions\/250"}],"wp:attachment":[{"href":"https:\/\/wifly.exerceetvous.fr\/index.php\/wp-json\/wp\/v2\/media?parent=177"}],"curies":[{"name":"wp","href":"https:\/\/api.w.org\/{rel}","templated":true}]}}